{"id":690,"date":"2021-09-26T10:50:03","date_gmt":"2021-09-26T10:50:03","guid":{"rendered":"https:\/\/nersis.es\/?page_id=690"},"modified":"2026-02-11T16:35:09","modified_gmt":"2026-02-11T14:35:09","slug":"compromisos","status":"publish","type":"page","link":"https:\/\/bermontpackaging.com\/en\/compromisos\/","title":{"rendered":"Commitments"},"content":{"rendered":"<div class=\"wpb-content-wrapper\"><div class=\"vc_row wpb_row vc_row-fluid vc_custom_1690206554802 vc_row-o-content-middle vc_row-flex wpex-vc-full-width-row wpex-vc-full-width-row--centered wpex-relative wpex-vc_row-has-fill wpex-vc-reset-negative-margin wpex-has-overlay wpex-has-overlay--69dfd22f3f29b\"><div class=\"wpex-bg-overlay-wrap wpex-absolute wpex-inset-0 wpex-rounded-inherit\"><style class=\"wpex-bg-overlay-css\">.wpex-has-overlay--69dfd22f3f29b > .wpex-bg-overlay-wrap .wpex-bg-overlay{background-color:#ffffff;opacity:0.6;}<\/style><span class=\"wpex-bg-overlay color wpex-absolute wpex-inset-0 wpex-rounded-inherit wpex-duration-500 wpex-opacity-60 wpex-bg-black\"><\/span><\/div><div class=\"wpb_column vc_column_container vc_col-sm-2\"><div class=\"vc_column-inner\"><div class=\"wpb_wrapper\"><\/div><\/div><\/div><div class=\"wpb_column vc_column_container vc_col-sm-8\"><div class=\"vc_column-inner\"><div class=\"wpb_wrapper\">\n\t<div class=\"wpb_text_column wpb_content_element\" >\n\t\t<div class=\"wpb_wrapper\">\n\t\t\t<h1 style=\"text-align: center;\">Commitments<\/h1>\n\n\t\t<\/div>\n\t<\/div>\n<div class=\"vcex-spacing wpex-w-100 wpex-clear\"><\/div><div class=\"vcex-grid-container vcex-module wpex-grid wpex-gap-20 wpex-grid-cols-1 wpex-lg-grid-cols-4 wpex-items-center vc_custom_1770819465702\"><style>.vcex-image.vcex_69dfd22f4074d .vcex-image-inner{max-width:70px;}<\/style><figure class=\"vcex-image vcex-module wpex-text-center vcex_69dfd22f4074d\"><div class=\"vcex-image-inner wpex-relative wpex-inline-block\"><a href=\"https:\/\/bermontpackaging.com\/wp-content\/uploads\/2023\/08\/Certificados-URS-Spain-Bermont-Packaging-S.L.-ISO-9001_2015.pdf\" target=\"_blank\" rel=\"noopener noreferrer\"><img width=\"180\" height=\"293\" src=\"https:\/\/bermontpackaging.com\/wp-content\/uploads\/2023\/07\/Logo_Cert_ISO.png\" class=\"vcex-image-img wpex-align-middle\" alt=\"\" loading=\"lazy\" decoding=\"async\" \/><\/a><\/div><\/figure><style>.vcex-image.vcex_69dfd22f41762 .vcex-image-inner{max-width:70px;}<\/style><figure class=\"vcex-image vcex-module wpex-text-center vcex_69dfd22f41762\"><div class=\"vcex-image-inner wpex-relative wpex-inline-block\"><a href=\"https:\/\/bermontpackaging.com\/wp-content\/uploads\/2024\/01\/23-12-07-CERTF.-FSC-ED.-3-multisite.pdf\" target=\"_blank\" rel=\"noopener noreferrer\"><img width=\"1024\" height=\"1206\" src=\"https:\/\/bermontpackaging.com\/wp-content\/uploads\/2023\/07\/FSC_C176193_Promotional-Copy.png\" class=\"vcex-image-img wpex-align-middle\" alt=\"\" loading=\"lazy\" decoding=\"async\" srcset=\"https:\/\/bermontpackaging.com\/wp-content\/uploads\/2023\/07\/FSC_C176193_Promotional-Copy.png 1024w, https:\/\/bermontpackaging.com\/wp-content\/uploads\/2023\/07\/FSC_C176193_Promotional-Copy-255x300.png 255w, https:\/\/bermontpackaging.com\/wp-content\/uploads\/2023\/07\/FSC_C176193_Promotional-Copy-869x1024.png 869w, https:\/\/bermontpackaging.com\/wp-content\/uploads\/2023\/07\/FSC_C176193_Promotional-Copy-768x905.png 768w\" sizes=\"auto, (max-width: 1024px) 100vw, 1024px\" \/><\/a><\/div><\/figure><style>.vcex-image.vcex_69dfd22f41ded .vcex-image-inner{max-width:70px;}<\/style><figure class=\"vcex-image vcex-module wpex-text-center vcex_69dfd22f41ded\"><div class=\"vcex-image-inner wpex-relative wpex-inline-block\"><a href=\"https:\/\/bermontpackaging.com\/wp-content\/uploads\/2024\/01\/23-12-07-CERTF.-PEFC-ED-3-multisite.pdf\" target=\"_blank\" rel=\"noopener noreferrer\"><img width=\"732\" height=\"876\" src=\"https:\/\/bermontpackaging.com\/wp-content\/uploads\/2023\/07\/pefc-label-pefc14-38-00224-pefc-bp-2023.png\" class=\"vcex-image-img wpex-align-middle\" alt=\"\" loading=\"lazy\" decoding=\"async\" srcset=\"https:\/\/bermontpackaging.com\/wp-content\/uploads\/2023\/07\/pefc-label-pefc14-38-00224-pefc-bp-2023.png 732w, https:\/\/bermontpackaging.com\/wp-content\/uploads\/2023\/07\/pefc-label-pefc14-38-00224-pefc-bp-2023-251x300.png 251w\" sizes=\"auto, (max-width: 732px) 100vw, 732px\" \/><\/a><\/div><\/figure><style>.vcex-image.vcex_69dfd22f4243d .vcex-image-inner{max-width:70px;}<\/style><figure class=\"vcex-image vcex-module wpex-text-center vcex_69dfd22f4243d\"><div class=\"vcex-image-inner wpex-relative wpex-inline-block\"><a href=\"https:\/\/bermontpackaging.com\/wp-content\/uploads\/2026\/02\/BRC-PACK-20260001-BERMONT-26-MOD.pdf\" target=\"_blank\" rel=\"noopener noreferrer\"><img width=\"689\" height=\"520\" src=\"https:\/\/bermontpackaging.com\/wp-content\/uploads\/2026\/02\/bermont_pkg.jpg\" class=\"vcex-image-img wpex-align-middle\" alt=\"\" loading=\"lazy\" decoding=\"async\" srcset=\"https:\/\/bermontpackaging.com\/wp-content\/uploads\/2026\/02\/bermont_pkg.jpg 689w, https:\/\/bermontpackaging.com\/wp-content\/uploads\/2026\/02\/bermont_pkg-300x226.jpg 300w, https:\/\/bermontpackaging.com\/wp-content\/uploads\/2026\/02\/bermont_pkg-16x12.jpg 16w\" sizes=\"auto, (max-width: 689px) 100vw, 689px\" \/><\/a><\/div><\/figure><\/div><div class=\"wpex-slider-preloaderimg wpex-relative\"><img width=\"625\" height=\"425\" src=\"https:\/\/bermontpackaging.com\/wp-content\/uploads\/2023\/07\/MG_9289-copia.png\" class=\"skip-lazy\" alt=\"\" data-no-lazy=\"1\" srcset=\"https:\/\/bermontpackaging.com\/wp-content\/uploads\/2023\/07\/MG_9289-copia.png 625w, https:\/\/bermontpackaging.com\/wp-content\/uploads\/2023\/07\/MG_9289-copia-300x204.png 300w\" sizes=\"(max-width: 625px) 100vw, 625px\" \/><\/div><div class=\"vcex-image-slider vcex-module wpex-slider slider-pro wpex-clr\" data-loop=\"true\" data-auto-play-delay=\"5000\" data-animation-speed=\"600\" data-height-animation-duration=\"500\" data-thumbnail-height=\"70\" data-thumbnail-width=\"70\"><div class=\"wpex-slider-slides sp-slides\"><div class=\"wpex-slider-slide sp-slide\"><div class=\"wpex-slider-media wpex-relative\"><img width=\"625\" height=\"425\" src=\"https:\/\/bermontpackaging.com\/wp-content\/uploads\/2023\/07\/MG_9289-copia.png\" class=\"skip-lazy\" alt=\"\" data-no-lazy=\"1\" srcset=\"https:\/\/bermontpackaging.com\/wp-content\/uploads\/2023\/07\/MG_9289-copia.png 625w, https:\/\/bermontpackaging.com\/wp-content\/uploads\/2023\/07\/MG_9289-copia-300x204.png 300w\" sizes=\"(max-width: 625px) 100vw, 625px\" \/><\/div><\/div><div class=\"wpex-slider-slide sp-slide\"><div class=\"wpex-slider-media wpex-relative\"><img width=\"625\" height=\"425\" src=\"https:\/\/bermontpackaging.com\/wp-content\/uploads\/2023\/07\/MG_9290-copia.png\" class=\"skip-lazy\" alt=\"\" data-no-lazy=\"1\" srcset=\"https:\/\/bermontpackaging.com\/wp-content\/uploads\/2023\/07\/MG_9290-copia.png 625w, https:\/\/bermontpackaging.com\/wp-content\/uploads\/2023\/07\/MG_9290-copia-300x204.png 300w\" sizes=\"(max-width: 625px) 100vw, 625px\" \/><\/div><\/div><\/div><\/div><div class=\"vcex-spacing wpex-w-100 wpex-clear\"><\/div>\n\t<div class=\"wpb_text_column wpb_content_element\" >\n\t\t<div class=\"wpb_wrapper\">\n\t\t\t<p style=\"text-align: center;\">At BERMONT PACKAGING, we offer comprehensive graphic solutions to the packaging market, an increasingly demanding environment in terms of quality, safety, and reliability. We have a highly qualified and experienced team, specialized in all areas of the production process and firmly committed to the needs of our customers. To this end, we operate with advanced production lines and our own machinery at our two sites in Madrid (Meco and Coslada).<\/p>\n<p style=\"text-align: center;\">Product quality and safety are one of the fundamental pillars of our business. In this regard, BERMONT PACKAGING has BRC Packaging certification, one of the most demanding international standards in terms of safety, quality, and compliance in the manufacture of packaging. This certification endorses the robustness of our processes, traceability, and risk control throughout the entire production chain, reinforcing the trust of our customers, especially in highly regulated sectors.<\/p>\n<p style=\"text-align: center;\">BERMONT PACKAGING's commitment to sustainability and respect for the environment is reflected in its FSC\u00ae (Forest Stewardship Council\u00ae) and PEFC (Programme for the Endorsement of Forest Certification) accreditations, which certify the use of materials from responsible and sustainable sources. In this way, we actively contribute to sustainable forest management and the United Nations Sustainable Development Goals (SDGs).<\/p>\n\n\t\t<\/div>\n\t<\/div>\n<div class=\"vcex-spacing wpex-w-100 wpex-clear\"><\/div>\n\t<div class=\"wpb_text_column wpb_content_element\" >\n\t\t<div class=\"wpb_wrapper\">\n\t\t\t<p style=\"text-align: center;\">BERMONT PACKAGING is also firmly committed to the circular economy, responsibly managing waste and by-products from our production processes for reuse or recycling, minimizing the environmental impact of our activity.<\/p>\n<p style=\"text-align: center;\">Excellence in service and product is another cornerstone of our quality policy. Our working methods are subject to constant analysis and continuous improvement, backed by ISO 9001 certification, with the aim of offering packaging solutions that meet and exceed our customers' expectations.<\/p>\n\n\t\t<\/div>\n\t<\/div>\n<div class=\"vcex-spacing wpex-w-100 wpex-clear\"><\/div>\n\t<div class=\"wpb_text_column wpb_content_element\" >\n\t\t<div class=\"wpb_wrapper\">\n\t\t\t<p style=\"text-align: center;\"><a href=\"https:\/\/bermontpackaging.com\/wp-content\/uploads\/2023\/08\/CERTF.-PEFC-ED.2.pdf\" target=\"_blank\" rel=\"noopener\">Forest Products Chain of Custody PEFC ST 2002:2020<\/a><\/p>\n\n\t\t<\/div>\n\t<\/div>\n<div class=\"vcex-spacing wpex-w-100 wpex-clear\"><\/div>\n\t<div class=\"wpb_text_column wpb_content_element\" >\n\t\t<div class=\"wpb_wrapper\">\n\t\t\t<p style=\"text-align: center;\"><a href=\"https:\/\/bermontpackaging.com\/wp-content\/uploads\/2023\/08\/CERTF.-FSC-ED.2.pdf\" target=\"_blank\" rel=\"noopener\">Forest Products Chain of Custody FSC-STD-40-004 V3-1<\/a><\/p>\n\n\t\t<\/div>\n\t<\/div>\n<div class=\"vcex-spacing wpex-w-100 wpex-clear\"><\/div>\n\t<div class=\"wpb_text_column wpb_content_element\" >\n\t\t<div class=\"wpb_wrapper\">\n\t\t\t<p style=\"text-align: center;\"><a href=\"https:\/\/bermontpackaging.com\/wp-content\/uploads\/2023\/08\/Certificados-URS-Spain-Bermont-Packaging-S.L.-ISO-9001_2015.pdf\" target=\"_blank\" rel=\"noopener\">ISO 9001 Certificate<\/a><\/p>\n\n\t\t<\/div>\n\t<\/div>\n<div class=\"vcex-spacing wpex-w-100 wpex-clear\"><\/div>\n\t<div class=\"wpb_text_column wpb_content_element\" >\n\t\t<div class=\"wpb_wrapper\">\n\t\t\t<p style=\"text-align: center;\"><a href=\"https:\/\/bermontpackaging.com\/wp-content\/uploads\/2026\/02\/BRC-PACK-20260001-BERMONT-26-MOD.pdf\" target=\"_blank\" rel=\"noopener\">BRC PACK-2026\/0001 <\/a><\/p>\n\n\t\t<\/div>\n\t<\/div>\n<div class=\"vcex-spacing wpex-w-100 wpex-clear\"><\/div>\n\t<div class=\"wpb_text_column wpb_content_element\" >\n\t\t<div class=\"wpb_wrapper\">\n\t\t\t<p style=\"text-align: center;\"><a href=\"https:\/\/bermontpackaging.com\/wp-content\/uploads\/2024\/02\/POLITICA-DE-CADENA-DE-CUSTODIA.pdf\" target=\"_blank\" rel=\"noopener\">Chain of custody policy<\/a><\/p>\n\n\t\t<\/div>\n\t<\/div>\n<div class=\"vcex-spacing wpex-w-100 wpex-clear\"><\/div>\n\t<div class=\"wpb_text_column wpb_content_element\" >\n\t\t<div class=\"wpb_wrapper\">\n\t\t\t<p style=\"text-align: center;\"><a href=\"https:\/\/bermontpackaging.com\/wp-content\/uploads\/2024\/12\/Politica-de-calidad-y-seguridad-alimentaria.pdf\" target=\"_blank\" rel=\"noopener\">Quality and food safety policy<\/a><\/p>\n\n\t\t<\/div>\n\t<\/div>\n<\/div><\/div><\/div><div class=\"wpb_column vc_column_container vc_col-sm-2\"><div class=\"vc_column-inner\"><div class=\"wpb_wrapper\"><\/div><\/div><\/div><\/div>\n<\/div>","protected":false},"excerpt":{"rendered":"Compromisos En BERMONT PACKAGING ofrecemos soluciones gr\u00e1ficas completas al mercado del packaging, un entorno cada vez m\u00e1s exigente en t\u00e9rminos de calidad, seguridad y fiabilidad. Contamos con un equipo humano altamente cualificado y con amplia experiencia, especializado en todas las \u00e1reas del proceso productivo y firmemente comprometido con las necesidades de nuestros clientes. Para ello,&hellip;","protected":false},"author":4,"featured_media":0,"parent":0,"menu_order":0,"comment_status":"closed","ping_status":"closed","template":"","meta":{"footnotes":""},"class_list":["post-690","page","type-page","status-publish","hentry","entry","no-media"],"yoast_head":"<!-- This site is optimized with the Yoast SEO Premium plugin v20.8 (Yoast SEO v27.4) - https:\/\/yoast.com\/product\/yoast-seo-premium-wordpress\/ -->\n<title>Compromisos - Bermont Packaging<\/title>\n<meta name=\"description\" content=\"La excelencia en el servicio y en el producto es otro pilar de la calidad ofrecida por BERMONT PACKAGING\" \/>\n<meta name=\"robots\" content=\"index, follow, max-snippet:-1, max-image-preview:large, max-video-preview:-1\" \/>\n<link rel=\"canonical\" href=\"https:\/\/bermontpackaging.com\/en\/compromisos\/\" \/>\n<meta property=\"og:locale\" content=\"en_US\" \/>\n<meta property=\"og:type\" content=\"article\" \/>\n<meta property=\"og:title\" content=\"Compromisos\" \/>\n<meta property=\"og:description\" content=\"La excelencia en el servicio y en el producto es otro pilar de la calidad ofrecida por BERMONT PACKAGING\" \/>\n<meta property=\"og:url\" content=\"https:\/\/bermontpackaging.com\/en\/compromisos\/\" \/>\n<meta property=\"og:site_name\" content=\"Bermont Packaging\" \/>\n<meta property=\"article:modified_time\" content=\"2026-02-11T14:35:09+00:00\" \/>\n<meta property=\"og:image\" content=\"https:\/\/bermontpackaging.com\/wp-content\/uploads\/2023\/07\/LOGO-BERMONT-PACKAGING-1.png\" \/>\n\t<meta property=\"og:image:width\" content=\"842\" \/>\n\t<meta property=\"og:image:height\" content=\"595\" \/>\n\t<meta property=\"og:image:type\" content=\"image\/png\" \/>\n<meta name=\"twitter:card\" content=\"summary_large_image\" \/>\n<meta name=\"twitter:label1\" content=\"Est. reading time\" \/>\n\t<meta name=\"twitter:data1\" content=\"5 minutes\" \/>\n<script type=\"application\/ld+json\" class=\"yoast-schema-graph\">{\"@context\":\"https:\\\/\\\/schema.org\",\"@graph\":[{\"@type\":\"WebPage\",\"@id\":\"https:\\\/\\\/bermontpackaging.com\\\/compromisos\\\/\",\"url\":\"https:\\\/\\\/bermontpackaging.com\\\/compromisos\\\/\",\"name\":\"Compromisos - Bermont Packaging\",\"isPartOf\":{\"@id\":\"https:\\\/\\\/bermontpackaging.com\\\/#website\"},\"datePublished\":\"2021-09-26T10:50:03+00:00\",\"dateModified\":\"2026-02-11T14:35:09+00:00\",\"description\":\"La excelencia en el servicio y en el producto es otro pilar de la calidad ofrecida por BERMONT PACKAGING\",\"breadcrumb\":{\"@id\":\"https:\\\/\\\/bermontpackaging.com\\\/compromisos\\\/#breadcrumb\"},\"inLanguage\":\"en-US\",\"potentialAction\":[{\"@type\":\"ReadAction\",\"target\":[\"https:\\\/\\\/bermontpackaging.com\\\/compromisos\\\/\"]}]},{\"@type\":\"BreadcrumbList\",\"@id\":\"https:\\\/\\\/bermontpackaging.com\\\/compromisos\\\/#breadcrumb\",\"itemListElement\":[{\"@type\":\"ListItem\",\"position\":1,\"name\":\"Portada\",\"item\":\"https:\\\/\\\/bermontpackaging.com\\\/\"},{\"@type\":\"ListItem\",\"position\":2,\"name\":\"Compromisos\"}]},{\"@type\":\"WebSite\",\"@id\":\"https:\\\/\\\/bermontpackaging.com\\\/#website\",\"url\":\"https:\\\/\\\/bermontpackaging.com\\\/\",\"name\":\"Bermont Packaging\",\"description\":\"\",\"publisher\":{\"@id\":\"https:\\\/\\\/bermontpackaging.com\\\/#organization\"},\"potentialAction\":[{\"@type\":\"SearchAction\",\"target\":{\"@type\":\"EntryPoint\",\"urlTemplate\":\"https:\\\/\\\/bermontpackaging.com\\\/?s={search_term_string}\"},\"query-input\":{\"@type\":\"PropertyValueSpecification\",\"valueRequired\":true,\"valueName\":\"search_term_string\"}}],\"inLanguage\":\"en-US\"},{\"@type\":\"Organization\",\"@id\":\"https:\\\/\\\/bermontpackaging.com\\\/#organization\",\"name\":\"Bermont Packaging\",\"url\":\"https:\\\/\\\/bermontpackaging.com\\\/\",\"logo\":{\"@type\":\"ImageObject\",\"inLanguage\":\"en-US\",\"@id\":\"https:\\\/\\\/bermontpackaging.com\\\/#\\\/schema\\\/logo\\\/image\\\/\",\"url\":\"https:\\\/\\\/bermontpackaging.com\\\/wp-content\\\/uploads\\\/2023\\\/07\\\/LOGO-BERMONT-PACKAGING-1.png\",\"contentUrl\":\"https:\\\/\\\/bermontpackaging.com\\\/wp-content\\\/uploads\\\/2023\\\/07\\\/LOGO-BERMONT-PACKAGING-1.png\",\"width\":842,\"height\":595,\"caption\":\"Bermont Packaging\"},\"image\":{\"@id\":\"https:\\\/\\\/bermontpackaging.com\\\/#\\\/schema\\\/logo\\\/image\\\/\"},\"sameAs\":[\"https:\\\/\\\/www.linkedin.com\\\/company\\\/nersis-solutions\\\/\",\"https:\\\/\\\/youtube.com\\\/channel\\\/UCSAWW3sRo63VcFGWSRV2u7Q\"]}]}<\/script>\n<!-- \/ Yoast SEO Premium plugin. -->","yoast_head_json":{"title":"Compromisos - Bermont Packaging","description":"La excelencia en el servicio y en el producto es otro pilar de la calidad ofrecida por BERMONT PACKAGING","robots":{"index":"index","follow":"follow","max-snippet":"max-snippet:-1","max-image-preview":"max-image-preview:large","max-video-preview":"max-video-preview:-1"},"canonical":"https:\/\/bermontpackaging.com\/en\/compromisos\/","og_locale":"en_US","og_type":"article","og_title":"Compromisos","og_description":"La excelencia en el servicio y en el producto es otro pilar de la calidad ofrecida por BERMONT PACKAGING","og_url":"https:\/\/bermontpackaging.com\/en\/compromisos\/","og_site_name":"Bermont Packaging","article_modified_time":"2026-02-11T14:35:09+00:00","og_image":[{"width":842,"height":595,"url":"https:\/\/bermontpackaging.com\/wp-content\/uploads\/2023\/07\/LOGO-BERMONT-PACKAGING-1.png","type":"image\/png"}],"twitter_card":"summary_large_image","twitter_misc":{"Est. reading time":"5 minutes"},"schema":{"@context":"https:\/\/schema.org","@graph":[{"@type":"WebPage","@id":"https:\/\/bermontpackaging.com\/compromisos\/","url":"https:\/\/bermontpackaging.com\/compromisos\/","name":"Compromisos - Bermont Packaging","isPartOf":{"@id":"https:\/\/bermontpackaging.com\/#website"},"datePublished":"2021-09-26T10:50:03+00:00","dateModified":"2026-02-11T14:35:09+00:00","description":"La excelencia en el servicio y en el producto es otro pilar de la calidad ofrecida por BERMONT PACKAGING","breadcrumb":{"@id":"https:\/\/bermontpackaging.com\/compromisos\/#breadcrumb"},"inLanguage":"en-US","potentialAction":[{"@type":"ReadAction","target":["https:\/\/bermontpackaging.com\/compromisos\/"]}]},{"@type":"BreadcrumbList","@id":"https:\/\/bermontpackaging.com\/compromisos\/#breadcrumb","itemListElement":[{"@type":"ListItem","position":1,"name":"Portada","item":"https:\/\/bermontpackaging.com\/"},{"@type":"ListItem","position":2,"name":"Compromisos"}]},{"@type":"WebSite","@id":"https:\/\/bermontpackaging.com\/#website","url":"https:\/\/bermontpackaging.com\/","name":"Bermont Packaging","description":"","publisher":{"@id":"https:\/\/bermontpackaging.com\/#organization"},"potentialAction":[{"@type":"SearchAction","target":{"@type":"EntryPoint","urlTemplate":"https:\/\/bermontpackaging.com\/?s={search_term_string}"},"query-input":{"@type":"PropertyValueSpecification","valueRequired":true,"valueName":"search_term_string"}}],"inLanguage":"en-US"},{"@type":"Organization","@id":"https:\/\/bermontpackaging.com\/#organization","name":"Bermont Packaging","url":"https:\/\/bermontpackaging.com\/","logo":{"@type":"ImageObject","inLanguage":"en-US","@id":"https:\/\/bermontpackaging.com\/#\/schema\/logo\/image\/","url":"https:\/\/bermontpackaging.com\/wp-content\/uploads\/2023\/07\/LOGO-BERMONT-PACKAGING-1.png","contentUrl":"https:\/\/bermontpackaging.com\/wp-content\/uploads\/2023\/07\/LOGO-BERMONT-PACKAGING-1.png","width":842,"height":595,"caption":"Bermont Packaging"},"image":{"@id":"https:\/\/bermontpackaging.com\/#\/schema\/logo\/image\/"},"sameAs":["https:\/\/www.linkedin.com\/company\/nersis-solutions\/","https:\/\/youtube.com\/channel\/UCSAWW3sRo63VcFGWSRV2u7Q"]}]}},"_links":{"self":[{"href":"https:\/\/bermontpackaging.com\/en\/wp-json\/wp\/v2\/pages\/690","targetHints":{"allow":["GET"]}}],"collection":[{"href":"https:\/\/bermontpackaging.com\/en\/wp-json\/wp\/v2\/pages"}],"about":[{"href":"https:\/\/bermontpackaging.com\/en\/wp-json\/wp\/v2\/types\/page"}],"author":[{"embeddable":true,"href":"https:\/\/bermontpackaging.com\/en\/wp-json\/wp\/v2\/users\/4"}],"replies":[{"embeddable":true,"href":"https:\/\/bermontpackaging.com\/en\/wp-json\/wp\/v2\/comments?post=690"}],"version-history":[{"count":56,"href":"https:\/\/bermontpackaging.com\/en\/wp-json\/wp\/v2\/pages\/690\/revisions"}],"predecessor-version":[{"id":6913,"href":"https:\/\/bermontpackaging.com\/en\/wp-json\/wp\/v2\/pages\/690\/revisions\/6913"}],"wp:attachment":[{"href":"https:\/\/bermontpackaging.com\/en\/wp-json\/wp\/v2\/media?parent=690"}],"curies":[{"name":"wp","href":"https:\/\/api.w.org\/{rel}","templated":true}]}}