{"id":50,"date":"2021-08-31T11:43:28","date_gmt":"2021-08-31T11:43:28","guid":{"rendered":"https:\/\/nersis.es\/?page_id=50"},"modified":"2025-11-12T13:15:10","modified_gmt":"2025-11-12T11:15:10","slug":"contacto","status":"publish","type":"page","link":"https:\/\/bermontpackaging.com\/en\/contacto\/","title":{"rendered":"Contact"},"content":{"rendered":"<div class=\"wpb-content-wrapper\"><div class=\"vc_row wpb_row vc_row-fluid vc_custom_1689856343813 wpex-vc-full-width-row wpex-vc-full-width-row--no-padding wpex-relative no-bottom-margins\"><div class=\"wpb_column vc_column_container vc_col-sm-2\"><div class=\"vc_column-inner\"><div class=\"wpb_wrapper\"><\/div><\/div><\/div><div class=\"wpb_column vc_column_container vc_col-sm-4\"><div class=\"vc_column-inner\"><div class=\"wpb_wrapper\"><div class=\"wpb_gmaps_widget wpb_content_element vc_custom_1689856309363\"><div class=\"wpb_wrapper\"><div class=\"wpb_map_wraper\"><iframe src=\"https:\/\/www.google.com\/maps\/embed?pb=!1m18!1m12!1m3!1d3036.7131173792577!2d-3.5585154871936395!3d40.43735095426313!2m3!1f0!2f0!3f0!3m2!1i1024!2i768!4f13.1!3m3!1m2!1s0xd4231e3d8573ba7%3A0x57fcc33b84fd212c!2sBermont%20Packaging%2CS.L!5e0!3m2!1ses!2ses!4v1688633832233!5m2!1ses!2ses\" width=\"600\" height=\"300\" style=\"border:0;\" allowfullscreen=\"\" loading=\"lazy\" referrerpolicy=\"no-referrer-when-downgrade\"><\/iframe><\/div><\/div><\/div><\/div><\/div><\/div><div class=\"wpb_column vc_column_container vc_col-sm-4\"><div class=\"vc_column-inner\"><div class=\"wpb_wrapper\"><div class=\"wpb_gmaps_widget wpb_content_element vc_custom_1689856302646\"><div class=\"wpb_wrapper\"><div class=\"wpb_map_wraper\"><iframe src=\"https:\/\/www.google.com\/maps\/embed?pb=!1m18!1m12!1m3!1d3032.440447150767!2d-3.3023457869502613!3d40.531857348502946!2m3!1f0!2f0!3f0!3m2!1i1024!2i768!4f13.1!3m3!1m2!1s0xd424d426a2af7db%3A0x4299f5475b0e8bf9!2sBermont%20Packaging%2CS.L.!5e0!3m2!1ses!2ses!4v1689159698647!5m2!1ses!2ses\" width=\"600\" height=\"300\" style=\"border:0;\" allowfullscreen=\"\" loading=\"lazy\" referrerpolicy=\"no-referrer-when-downgrade\"><\/iframe><\/div><\/div><\/div><\/div><\/div><\/div><div class=\"wpb_column vc_column_container vc_col-sm-2\"><div class=\"vc_column-inner\"><div class=\"wpb_wrapper\"><\/div><\/div><\/div><\/div><div class=\"vc_row wpb_row vc_row-fluid vc_custom_1688514726875 wpex-vc-full-width-row wpex-vc-full-width-row--centered wpex-relative wpex-vc-has-custom-column-spacing wpex-vc-column-spacing-50 wpex-vc_row-has-fill wpex-cols-right wpex-vc-reset-negative-margin wpex-has-overlay wpex-has-overlay--69d83aed1ff1e\"><div class=\"wpex-bg-overlay-wrap wpex-absolute wpex-inset-0 wpex-rounded-inherit\"><style class=\"wpex-bg-overlay-css\">.wpex-has-overlay--69d83aed1ff1e > .wpex-bg-overlay-wrap .wpex-bg-overlay{background-color:#ffffff;opacity:0.5;}<\/style><span class=\"wpex-bg-overlay color wpex-absolute wpex-inset-0 wpex-rounded-inherit wpex-duration-500 wpex-opacity-60 wpex-bg-black\"><\/span><\/div><div class=\"wpb_column vc_column_container vc_col-sm-6\"><div class=\"vc_column-inner\"><div class=\"wpb_wrapper\">\n\t<div class=\"wpb_text_column wpb_content_element\" >\n\t\t<div class=\"wpb_wrapper\">\n\t\t\t<h3 style=\"text-align: left;\">Do you have any questions? Would you like more information?<\/h3>\n<p style=\"text-align: left;\">We will be happy to speak with you, via phone, email or by filling out our form. We are sure to find the best solution for your company!<\/p>\n\n\t\t<\/div>\n\t<\/div>\n<div class=\"vcex-spacing wpex-w-100 wpex-clear\" style=\"height:20px;\"><\/div>\n<div class=\"wpcf7 no-js\" id=\"wpcf7-f113-o1\" lang=\"es-ES\" dir=\"ltr\" data-wpcf7-id=\"113\">\n<div class=\"screen-reader-response\"><p role=\"status\" aria-live=\"polite\" aria-atomic=\"true\"><\/p> <ul><\/ul><\/div>\n<form action=\"\/en\/wp-json\/wp\/v2\/pages\/50#wpcf7-f113-o1\" method=\"post\" class=\"wpcf7-form init\" aria-label=\"Formulario de contacto\" novalidate=\"novalidate\" data-status=\"init\" data-trp-original-action=\"\/en\/wp-json\/wp\/v2\/pages\/50#wpcf7-f113-o1\">\n<fieldset class=\"hidden-fields-container\"><input type=\"hidden\" name=\"_wpcf7\" value=\"113\" \/><input type=\"hidden\" name=\"_wpcf7_version\" value=\"6.1.5\" \/><input type=\"hidden\" name=\"_wpcf7_locale\" value=\"es_ES\" \/><input type=\"hidden\" name=\"_wpcf7_unit_tag\" value=\"wpcf7-f113-o1\" \/><input type=\"hidden\" name=\"_wpcf7_container_post\" value=\"0\" \/><input type=\"hidden\" name=\"_wpcf7_posted_data_hash\" value=\"\" \/>\n<\/fieldset>\n<div class=\"form-row\">\n\t<div class=\"column-half\">\n\t\t<p>Name <span class=\"wpcf7-form-control-wrap\" data-name=\"first-name\"><input size=\"40\" maxlength=\"400\" class=\"wpcf7-form-control wpcf7-text wpcf7-validates-as-required\" aria-required=\"true\" aria-invalid=\"false\" value=\"\" type=\"text\" name=\"first-name\" \/><\/span>\n\t\t<\/p>\n\t<\/div>\n\t<div class=\"column-half\">\n\t\t<p>Company <span class=\"wpcf7-form-control-wrap\" data-name=\"empresa\"><input size=\"40\" maxlength=\"400\" class=\"wpcf7-form-control wpcf7-text wpcf7-validates-as-required\" aria-required=\"true\" aria-invalid=\"false\" value=\"\" type=\"text\" name=\"empresa\" \/><\/span>\n\t\t<\/p>\n\t<\/div>\n\t<div class=\"column-full\">\n\t\t<p>Position <span class=\"wpcf7-form-control-wrap\" data-name=\"cargo\"><input size=\"40\" maxlength=\"400\" class=\"wpcf7-form-control wpcf7-text wpcf7-validates-as-required\" aria-required=\"true\" aria-invalid=\"false\" value=\"\" type=\"text\" name=\"cargo\" \/><\/span>\n\t\t<\/p>\n\t<\/div>\n<\/div>\n<div class=\"form-row\">\n\t<div class=\"column-half\">\n\t\t<p>Email <span class=\"wpcf7-form-control-wrap\" data-name=\"your-email\"><input size=\"40\" maxlength=\"400\" class=\"wpcf7-form-control wpcf7-email wpcf7-validates-as-required wpcf7-text wpcf7-validates-as-email\" aria-required=\"true\" aria-invalid=\"false\" value=\"\" type=\"email\" name=\"your-email\" \/><\/span>\n\t\t<\/p>\n\t<\/div>\n\t<div class=\"column-half\">\n\t\t<p>Phone <span class=\"wpcf7-form-control-wrap\" data-name=\"your-phone\"><input size=\"40\" maxlength=\"400\" class=\"wpcf7-form-control wpcf7-text wpcf7-validates-as-required\" aria-required=\"true\" aria-invalid=\"false\" value=\"\" type=\"text\" name=\"your-phone\" \/><\/span>\n\t\t<\/p>\n\t<\/div>\n<\/div>\n<div class=\"form-row\">\n\t<div class=\"column-full\">\n\t\t<p>Message <span class=\"wpcf7-form-control-wrap\" data-name=\"textarea-424\"><textarea cols=\"40\" rows=\"10\" maxlength=\"2000\" class=\"wpcf7-form-control wpcf7-textarea wpcf7-validates-as-required\" aria-required=\"true\" aria-invalid=\"false\" name=\"textarea-424\"><\/textarea><\/span>\n\t\t<\/p>\n\t<\/div>\n<\/div>\n<div class=\"form-row\">\n\t<div class=\"column-full\">\n\t\t<p><span class=\"wpcf7-form-control-wrap\" data-name=\"acceptance-339\"><span class=\"wpcf7-form-control wpcf7-acceptance optional\"><span class=\"wpcf7-list-item\"><input type=\"checkbox\" name=\"acceptance-339\" value=\"1\" aria-invalid=\"false\" \/><\/span><\/span><\/span> I have read and accept the <a href=\"https:\/\/bermontpackaging.com\/en\/aviso-legal\/\" target=\"_blank\">Legal warning<\/a> and the <a href=\"https:\/\/bermontpackaging.com\/en\/politica-privacidad\/\" target=\"_blank\">Privacy Policy<\/a>.\n\t\t<\/p>\n\t<\/div>\n<\/div>\n<div class=\"form-row\">\n\t<div class=\"column-full\">\n\t\t<p><input class=\"wpcf7-form-control wpcf7-submit has-spinner\" type=\"submit\" value=\"Send\" \/>\n\t\t<\/p>\n\t<\/div>\n<\/div><p style=\"display: none !important;\" class=\"akismet-fields-container\" data-prefix=\"_wpcf7_ak_\"><label>&#916;<textarea name=\"_wpcf7_ak_hp_textarea\" cols=\"45\" rows=\"8\" maxlength=\"100\"><\/textarea><\/label><input type=\"hidden\" id=\"ak_js_1\" name=\"_wpcf7_ak_js\" value=\"37\"\/><script>document.getElementById( \"ak_js_1\" ).setAttribute( \"value\", ( new Date() ).getTime() );<\/script><\/p><div class=\"wpcf7-response-output\" aria-hidden=\"true\"><\/div>\n<input type=\"hidden\" name=\"trp-form-language\" value=\"en\"\/><\/form>\n<\/div>\n<\/div><\/div><\/div><div class=\"wpb_column vc_column_container vc_col-sm-6\"><div class=\"vc_column-inner\"><div class=\"wpb_wrapper\"><style>.vcex-icon-box.vcex_69d83aed257ba .vcex-icon-box-heading{font-size:26px;font-weight:700;}.vcex-icon-box.vcex_69d83aed257ba .vcex-icon-box-icon{background-color:#ffffff;border-radius:150px;height:50px;width:50px;}.vcex-icon-box.vcex_69d83aed257ba .vcex-icon-box-symbol--icon{margin-block-end:10px;}<\/style><div class=\"vcex-module vcex-icon-box vcex-icon-box-five wpex-block wpex-text-center wpex-p-30 wpex-surface-2 vcex_69d83aed257ba\"><div class=\"vcex-icon-box-symbol vcex-icon-box-symbol--icon wpex-mb-20\"><div class=\"vcex-icon-box-icon wpex-items-center wpex-justify-center wpex-child-inherit-color wpex-text-center wpex-leading-none wpex-inline-flex wpex-text-1 wpex-shadow-xs\"><span class=\"wpex-flex wpex-icon\" aria-hidden=\"true\"><svg xmlns=\"http:\/\/www.w3.org\/2000\/svg\" viewbox=\"0 0 18 32\"><path d=\"M13.714 11.429q0-1.893-1.339-3.232t-3.232-1.339-3.232 1.339-1.339 3.232 1.339 3.232 3.232 1.339 3.232-1.339 1.339-3.232zM18.286 11.429q0 1.946-0.589 3.196l-6.5 13.821q-0.286 0.589-0.848 0.929t-1.205 0.339-1.205-0.339-0.83-0.929l-6.518-13.821q-0.589-1.25-0.589-3.196 0-3.786 2.679-6.464t6.464-2.679 6.464 2.679 2.679 6.464z\"><\/path><\/svg><\/span><\/div><\/div><div class=\"vcex-icon-box-text\"><h3 class=\"vcex-icon-box-heading wpex-heading wpex-mb-10\">Where are we?<\/h3><div class=\"vcex-icon-box-content wpex-last-mb-0 wpex-clr\"><p><strong>Coslada<\/strong><\/p>\n<p>Centro de Transportes de Coslada<br \/>\nAvda. de Alemania, 12 CTC<br \/>\n28821 Coslada (MADRID)<\/p>\n<p><strong>Meco<\/strong><\/p>\n<p>Parque Empresarial Neinor<br \/>\nC\/ La Venta, 2 Edif. 9, Naves 15-18<br \/>\n28880 Meco (MADRID)<\/p>\n<\/div><\/div><\/div><div class=\"vcex-spacing wpex-w-100 wpex-clear\" style=\"height:20px;\"><\/div><style>.vcex-icon-box.vcex_69d83aed261c7 .vcex-icon-box-heading{font-size:26px;font-weight:700;}.vcex-icon-box.vcex_69d83aed261c7 .vcex-icon-box-icon{background-color:#ffffff;border-radius:150px;height:50px;width:50px;}.vcex-icon-box.vcex_69d83aed261c7 .vcex-icon-box-symbol--icon{margin-block-end:10px;}<\/style><a class=\"vcex-module vcex-icon-box vcex-icon-box-five vcex-icon-box-has-link wpex-inherit-color wpex-no-underline wpex-block wpex-text-center wpex-p-30 wpex-surface-2 vcex_69d83aed261c7\" href=\"tel:+34916707150\" target=\"_blank\" rel=\"noopener noreferrer\"><div class=\"vcex-icon-box-symbol vcex-icon-box-symbol--icon wpex-mb-20\"><div class=\"vcex-icon-box-icon wpex-items-center wpex-justify-center wpex-child-inherit-color wpex-text-center wpex-leading-none wpex-inline-flex wpex-text-1 wpex-shadow-xs\"><span class=\"wpex-flex wpex-icon\" aria-hidden=\"true\"><svg xmlns=\"http:\/\/www.w3.org\/2000\/svg\" viewbox=\"0 0 512 512\"><path d=\"M164.9 24.6c-7.7-18.6-28-28.5-47.4-23.2l-88 24C12.1 30.2 0 46 0 64C0 311.4 200.6 512 448 512c18 0 33.8-12.1 38.6-29.5l24-88c5.3-19.4-4.6-39.7-23.2-47.4l-96-40c-16.3-6.8-35.2-2.1-46.3 11.6L304.7 368C234.3 334.7 177.3 277.7 144 207.3L193.3 167c13.7-11.2 18.4-30 11.6-46.3l-40-96z\"\/><\/svg><\/span><\/div><\/div><div class=\"vcex-icon-box-text\"><h3 class=\"vcex-icon-box-heading wpex-heading wpex-mb-10\">+34 916 707 150 or +34 915 704 022<\/h3><div class=\"vcex-icon-box-content wpex-last-mb-0 wpex-clr\"><p>Phone us and we will inform you<\/p>\n<\/div><\/div><\/a><div class=\"vcex-spacing wpex-w-100 wpex-clear\" style=\"height:20px;\"><\/div><style>.vcex-icon-box.vcex_69d83aed26af5 .vcex-icon-box-heading{font-size:26px;font-weight:700;}.vcex-icon-box.vcex_69d83aed26af5 .vcex-icon-box-icon{background-color:#ffffff;border-radius:150px;height:50px;width:50px;}.vcex-icon-box.vcex_69d83aed26af5 .vcex-icon-box-symbol--icon{margin-block-end:10px;}<\/style><a class=\"vcex-module vcex-icon-box vcex-icon-box-five vcex-icon-box-has-link wpex-inherit-color wpex-no-underline wpex-block wpex-text-center wpex-p-30 wpex-surface-2 vcex_69d83aed26af5\" href=\"mailto:&#099;ont&#097;&#099;t&#111;&#064;&#098;&#101;&#114;mo&#110;t&#046;&#101;&#115;\" target=\"_blank\" rel=\"noopener noreferrer\"><div class=\"vcex-icon-box-symbol vcex-icon-box-symbol--icon wpex-mb-20\"><div class=\"vcex-icon-box-icon wpex-items-center wpex-justify-center wpex-child-inherit-color wpex-text-center wpex-leading-none wpex-inline-flex wpex-text-1 wpex-shadow-xs\"><span class=\"wpex-flex wpex-icon\" aria-hidden=\"true\"><svg xmlns=\"http:\/\/www.w3.org\/2000\/svg\" viewbox=\"0 0 512 512\"><path d=\"M48 64C21.5 64 0 85.5 0 112c0 15.1 7.1 29.3 19.2 38.4L236.8 313.6c11.4 8.5 27 8.5 38.4 0L492.8 150.4c12.1-9.1 19.2-23.3 19.2-38.4c0-26.5-21.5-48-48-48H48zM0 176V384c0 35.3 28.7 64 64 64H448c35.3 0 64-28.7 64-64V176L294.4 339.2c-22.8 17.1-54 17.1-76.8 0L0 176z\"\/><\/svg><\/span><\/div><\/div><div class=\"vcex-icon-box-text\"><h3 class=\"vcex-icon-box-heading wpex-heading wpex-mb-10\">contacto@bermont.es<\/h3><div class=\"vcex-icon-box-content wpex-last-mb-0 wpex-clr\"><p>Send us an email<\/p>\n<\/div><\/div><\/a><\/div><\/div><\/div><\/div><div class=\"vc_row wpb_row vc_row-fluid wpex-relative\"><div class=\"wpb_column vc_column_container vc_col-sm-12\"><div class=\"vc_column-inner\"><div class=\"wpb_wrapper\">\n\t<div class=\"wpb_raw_code wpb_raw_html wpb_content_element\" >\n\t\t<div class=\"wpb_wrapper\">\n\t\t\t<div class=\"legal-text\">\n    <strong>Informaci\u00f3n b\u00e1sica protecci\u00f3n de datos<\/strong><br>\n     RECOPRINT IMPRESI\u00d3N S.L. con B82043175, AVENIDA DE ALEMANIA 12, 28821, COSLADA, MADRID con tel\u00e9fono a efectos de notificaciones 916707150 y correo electr\u00f3nico <a href=\"mailto:contacto@bermont.es\">contacto@bermont.es<\/a> como Responsable del Tratamiento, le informa que sus datos ser\u00e1n tratados con la finalidad de gestionar la potencial relaci\u00f3n comercial entre las partes y atender las consultas y remitirle informaci\u00f3n sobre nuestros productos o servicios. En cualquier momento podr\u00e1 ejercitar los derechos reconocidos en los art\u00edculos 15 a 22 del RGPD, de acceso, rectificaci\u00f3n, supresi\u00f3n, oposici\u00f3n, portabilidad, limitaci\u00f3n, as\u00ed como a no ser objeto de decisiones individuales automatizadas, en su caso, enviando un correo electr\u00f3nico a <a href=\"mailto:datospersonales@bermont.es\">datospersonales@bermont.es<\/a> o mediante correo postal a AVENIDA DE ALEMANIA 12, 28821, COSLADA, MADRID.\n      <\/div>\n\t\t<\/div>\n\t<\/div>\n<\/div><\/div><\/div><\/div>\n<\/div>","protected":false},"excerpt":{"rendered":"\u00bfTiene alguna duda? \u00bfLe gustar\u00eda ampliar informaci\u00f3n? Estaremos encantados de hablar con usted, a trav\u00e9s de tel\u00e9fono, correo electr\u00f3nico o rellenando nuestro formulario. \u00a1Seguro que podemos encontrar la mejor soluci\u00f3n para su empresa! Nombre Empresa Cargo Email Tel\u00e9fono Mensaje He le\u00eddo y acepto el Aviso Legal y la Pol\u00edtica de Privacidad. &#916; D\u00f3nde estamosCoslada Centro&hellip;","protected":false},"author":4,"featured_media":0,"parent":0,"menu_order":0,"comment_status":"closed","ping_status":"closed","template":"","meta":{"footnotes":""},"class_list":["post-50","page","type-page","status-publish","hentry","entry","no-media"],"yoast_head":"<!-- This site is optimized with the Yoast SEO Premium plugin v20.8 (Yoast SEO v27.3) - https:\/\/yoast.com\/product\/yoast-seo-premium-wordpress\/ -->\n<title>Contacto - Bermont Packaging<\/title>\n<meta name=\"description\" content=\"Contacto Bermont Packaging - Estaremos encantados de hablar con usted.\" \/>\n<meta name=\"robots\" content=\"index, follow, max-snippet:-1, max-image-preview:large, max-video-preview:-1\" \/>\n<link rel=\"canonical\" href=\"https:\/\/bermontpackaging.com\/en\/contacto\/\" \/>\n<meta property=\"og:locale\" content=\"en_US\" \/>\n<meta property=\"og:type\" content=\"article\" \/>\n<meta property=\"og:title\" content=\"Contacto\" \/>\n<meta property=\"og:description\" content=\"Contacto Bermont Packaging - Estaremos encantados de hablar con usted.\" \/>\n<meta property=\"og:url\" content=\"https:\/\/bermontpackaging.com\/en\/contacto\/\" \/>\n<meta property=\"og:site_name\" content=\"Bermont Packaging\" \/>\n<meta property=\"article:modified_time\" content=\"2025-11-12T11:15:10+00:00\" \/>\n<meta property=\"og:image\" content=\"https:\/\/bermontpackaging.com\/wp-content\/uploads\/2023\/07\/LOGO-BERMONT-PACKAGING-1.png\" \/>\n\t<meta property=\"og:image:width\" content=\"842\" \/>\n\t<meta property=\"og:image:height\" content=\"595\" \/>\n\t<meta property=\"og:image:type\" content=\"image\/png\" \/>\n<meta name=\"twitter:card\" content=\"summary_large_image\" \/>\n<meta name=\"twitter:label1\" content=\"Est. reading time\" \/>\n\t<meta name=\"twitter:data1\" content=\"1 minute\" \/>\n<script type=\"application\/ld+json\" class=\"yoast-schema-graph\">{\"@context\":\"https:\\\/\\\/schema.org\",\"@graph\":[{\"@type\":\"WebPage\",\"@id\":\"https:\\\/\\\/bermontpackaging.com\\\/contacto\\\/\",\"url\":\"https:\\\/\\\/bermontpackaging.com\\\/contacto\\\/\",\"name\":\"Contacto - Bermont Packaging\",\"isPartOf\":{\"@id\":\"https:\\\/\\\/bermontpackaging.com\\\/#website\"},\"datePublished\":\"2021-08-31T11:43:28+00:00\",\"dateModified\":\"2025-11-12T11:15:10+00:00\",\"description\":\"Contacto Bermont Packaging - Estaremos encantados de hablar con usted.\",\"breadcrumb\":{\"@id\":\"https:\\\/\\\/bermontpackaging.com\\\/contacto\\\/#breadcrumb\"},\"inLanguage\":\"en-US\",\"potentialAction\":[{\"@type\":\"ReadAction\",\"target\":[\"https:\\\/\\\/bermontpackaging.com\\\/contacto\\\/\"]}]},{\"@type\":\"BreadcrumbList\",\"@id\":\"https:\\\/\\\/bermontpackaging.com\\\/contacto\\\/#breadcrumb\",\"itemListElement\":[{\"@type\":\"ListItem\",\"position\":1,\"name\":\"Portada\",\"item\":\"https:\\\/\\\/bermontpackaging.com\\\/\"},{\"@type\":\"ListItem\",\"position\":2,\"name\":\"Contacto\"}]},{\"@type\":\"WebSite\",\"@id\":\"https:\\\/\\\/bermontpackaging.com\\\/#website\",\"url\":\"https:\\\/\\\/bermontpackaging.com\\\/\",\"name\":\"Bermont Packaging\",\"description\":\"\",\"publisher\":{\"@id\":\"https:\\\/\\\/bermontpackaging.com\\\/#organization\"},\"potentialAction\":[{\"@type\":\"SearchAction\",\"target\":{\"@type\":\"EntryPoint\",\"urlTemplate\":\"https:\\\/\\\/bermontpackaging.com\\\/?s={search_term_string}\"},\"query-input\":{\"@type\":\"PropertyValueSpecification\",\"valueRequired\":true,\"valueName\":\"search_term_string\"}}],\"inLanguage\":\"en-US\"},{\"@type\":\"Organization\",\"@id\":\"https:\\\/\\\/bermontpackaging.com\\\/#organization\",\"name\":\"Bermont Packaging\",\"url\":\"https:\\\/\\\/bermontpackaging.com\\\/\",\"logo\":{\"@type\":\"ImageObject\",\"inLanguage\":\"en-US\",\"@id\":\"https:\\\/\\\/bermontpackaging.com\\\/#\\\/schema\\\/logo\\\/image\\\/\",\"url\":\"https:\\\/\\\/bermontpackaging.com\\\/wp-content\\\/uploads\\\/2023\\\/07\\\/LOGO-BERMONT-PACKAGING-1.png\",\"contentUrl\":\"https:\\\/\\\/bermontpackaging.com\\\/wp-content\\\/uploads\\\/2023\\\/07\\\/LOGO-BERMONT-PACKAGING-1.png\",\"width\":842,\"height\":595,\"caption\":\"Bermont Packaging\"},\"image\":{\"@id\":\"https:\\\/\\\/bermontpackaging.com\\\/#\\\/schema\\\/logo\\\/image\\\/\"},\"sameAs\":[\"https:\\\/\\\/www.linkedin.com\\\/company\\\/nersis-solutions\\\/\",\"https:\\\/\\\/youtube.com\\\/channel\\\/UCSAWW3sRo63VcFGWSRV2u7Q\"]}]}<\/script>\n<!-- \/ Yoast SEO Premium plugin. -->","yoast_head_json":{"title":"Contacto - Bermont Packaging","description":"Contacto Bermont Packaging - Estaremos encantados de hablar con usted.","robots":{"index":"index","follow":"follow","max-snippet":"max-snippet:-1","max-image-preview":"max-image-preview:large","max-video-preview":"max-video-preview:-1"},"canonical":"https:\/\/bermontpackaging.com\/en\/contacto\/","og_locale":"en_US","og_type":"article","og_title":"Contacto","og_description":"Contacto Bermont Packaging - Estaremos encantados de hablar con usted.","og_url":"https:\/\/bermontpackaging.com\/en\/contacto\/","og_site_name":"Bermont Packaging","article_modified_time":"2025-11-12T11:15:10+00:00","og_image":[{"width":842,"height":595,"url":"https:\/\/bermontpackaging.com\/wp-content\/uploads\/2023\/07\/LOGO-BERMONT-PACKAGING-1.png","type":"image\/png"}],"twitter_card":"summary_large_image","twitter_misc":{"Est. reading time":"1 minute"},"schema":{"@context":"https:\/\/schema.org","@graph":[{"@type":"WebPage","@id":"https:\/\/bermontpackaging.com\/contacto\/","url":"https:\/\/bermontpackaging.com\/contacto\/","name":"Contacto - Bermont Packaging","isPartOf":{"@id":"https:\/\/bermontpackaging.com\/#website"},"datePublished":"2021-08-31T11:43:28+00:00","dateModified":"2025-11-12T11:15:10+00:00","description":"Contacto Bermont Packaging - Estaremos encantados de hablar con usted.","breadcrumb":{"@id":"https:\/\/bermontpackaging.com\/contacto\/#breadcrumb"},"inLanguage":"en-US","potentialAction":[{"@type":"ReadAction","target":["https:\/\/bermontpackaging.com\/contacto\/"]}]},{"@type":"BreadcrumbList","@id":"https:\/\/bermontpackaging.com\/contacto\/#breadcrumb","itemListElement":[{"@type":"ListItem","position":1,"name":"Portada","item":"https:\/\/bermontpackaging.com\/"},{"@type":"ListItem","position":2,"name":"Contacto"}]},{"@type":"WebSite","@id":"https:\/\/bermontpackaging.com\/#website","url":"https:\/\/bermontpackaging.com\/","name":"Bermont Packaging","description":"","publisher":{"@id":"https:\/\/bermontpackaging.com\/#organization"},"potentialAction":[{"@type":"SearchAction","target":{"@type":"EntryPoint","urlTemplate":"https:\/\/bermontpackaging.com\/?s={search_term_string}"},"query-input":{"@type":"PropertyValueSpecification","valueRequired":true,"valueName":"search_term_string"}}],"inLanguage":"en-US"},{"@type":"Organization","@id":"https:\/\/bermontpackaging.com\/#organization","name":"Bermont Packaging","url":"https:\/\/bermontpackaging.com\/","logo":{"@type":"ImageObject","inLanguage":"en-US","@id":"https:\/\/bermontpackaging.com\/#\/schema\/logo\/image\/","url":"https:\/\/bermontpackaging.com\/wp-content\/uploads\/2023\/07\/LOGO-BERMONT-PACKAGING-1.png","contentUrl":"https:\/\/bermontpackaging.com\/wp-content\/uploads\/2023\/07\/LOGO-BERMONT-PACKAGING-1.png","width":842,"height":595,"caption":"Bermont Packaging"},"image":{"@id":"https:\/\/bermontpackaging.com\/#\/schema\/logo\/image\/"},"sameAs":["https:\/\/www.linkedin.com\/company\/nersis-solutions\/","https:\/\/youtube.com\/channel\/UCSAWW3sRo63VcFGWSRV2u7Q"]}]}},"_links":{"self":[{"href":"https:\/\/bermontpackaging.com\/en\/wp-json\/wp\/v2\/pages\/50","targetHints":{"allow":["GET"]}}],"collection":[{"href":"https:\/\/bermontpackaging.com\/en\/wp-json\/wp\/v2\/pages"}],"about":[{"href":"https:\/\/bermontpackaging.com\/en\/wp-json\/wp\/v2\/types\/page"}],"author":[{"embeddable":true,"href":"https:\/\/bermontpackaging.com\/en\/wp-json\/wp\/v2\/users\/4"}],"replies":[{"embeddable":true,"href":"https:\/\/bermontpackaging.com\/en\/wp-json\/wp\/v2\/comments?post=50"}],"version-history":[{"count":50,"href":"https:\/\/bermontpackaging.com\/en\/wp-json\/wp\/v2\/pages\/50\/revisions"}],"predecessor-version":[{"id":6499,"href":"https:\/\/bermontpackaging.com\/en\/wp-json\/wp\/v2\/pages\/50\/revisions\/6499"}],"wp:attachment":[{"href":"https:\/\/bermontpackaging.com\/en\/wp-json\/wp\/v2\/media?parent=50"}],"curies":[{"name":"wp","href":"https:\/\/api.w.org\/{rel}","templated":true}]}}