{"id":452,"date":"2021-09-14T14:58:06","date_gmt":"2021-09-14T14:58:06","guid":{"rendered":"https:\/\/nersis.es\/?page_id=452"},"modified":"2023-07-28T10:52:39","modified_gmt":"2023-07-28T08:52:39","slug":"impresion","status":"publish","type":"page","link":"https:\/\/bermontpackaging.com\/en\/impresion\/","title":{"rendered":"Printing"},"content":{"rendered":"<div class=\"wpb-content-wrapper\"><div class=\"vc_row wpb_row vc_row-fluid vc_custom_1690528618585 wpex-vc-full-width-row wpex-vc-full-width-row--centered wpex-relative wpex-vc_row-has-fill no-bottom-margins wpex-vc-reset-negative-margin wpex-has-overlay wpex-has-overlay--69dfd2f20d7ee\"><div class=\"wpex-bg-overlay-wrap wpex-absolute wpex-inset-0 wpex-rounded-inherit\"><style class=\"wpex-bg-overlay-css\">.wpex-has-overlay--69dfd2f20d7ee > .wpex-bg-overlay-wrap .wpex-bg-overlay{background-color:#ffffff;opacity:0.6;}<\/style><span class=\"wpex-bg-overlay color wpex-absolute wpex-inset-0 wpex-rounded-inherit wpex-duration-500 wpex-opacity-60 wpex-bg-black\"><\/span><\/div><div class=\"wpb_column vc_column_container vc_col-sm-6\"><div class=\"vc_column-inner\"><div class=\"wpb_wrapper\">\n\t<div class=\"wpb_text_column wpb_content_element\" >\n\t\t<div class=\"wpb_wrapper\">\n\t\t\t<h1 style=\"text-align: center;\">Printing<\/h1>\n\n\t\t<\/div>\n\t<\/div>\n<div class=\"vcex-spacing wpex-w-100 wpex-clear\" style=\"height:20px;\"><\/div>\n\t<div style=\"font-size:16px;\" class=\"wpb_text_column wpb_content_element\" >\n\t\t<div class=\"wpb_wrapper\">\n\t\t\t<p style=\"text-align: center;\">We have the latest technology on the market to offer our customers the highest quality in our products, always focused on excellence we seek the highest degree of satisfaction throughout the production process.<br \/>\nBoth for large runs and for smaller and punctual jobs, we have the best technology. A complete and modern machinery park, with varnishes and special finishes.<br \/>\nWe are able to overcome the most exhaustive quality controls and your expectations, for this, we advise you on the option that suits you best.<br \/>\nWe adjust execution and distribution times to meet the most demanding delivery deadlines.<\/p>\n\n\t\t<\/div>\n\t<\/div>\n<\/div><\/div><\/div><div class=\"wpb_column vc_column_container vc_col-sm-6\"><div class=\"vc_column-inner\"><div class=\"wpb_wrapper\"><div class=\"wpex-slider-preloaderimg wpex-relative\"><img width=\"625\" height=\"425\" src=\"https:\/\/bermontpackaging.com\/wp-content\/uploads\/2023\/07\/MG_9154-copia-1.png\" class=\"skip-lazy\" alt=\"\" data-no-lazy=\"1\" srcset=\"https:\/\/bermontpackaging.com\/wp-content\/uploads\/2023\/07\/MG_9154-copia-1.png 625w, https:\/\/bermontpackaging.com\/wp-content\/uploads\/2023\/07\/MG_9154-copia-1-300x204.png 300w\" sizes=\"(max-width: 625px) 100vw, 625px\" \/><\/div><div class=\"vcex-image-slider vcex-module wpex-slider slider-pro wpex-clr\" data-loop=\"true\" data-auto-play-delay=\"5000\" data-thumbnails=\"true\" data-animation-speed=\"600\" data-height-animation-duration=\"500\" data-thumbnail-height=\"70\" data-thumbnail-width=\"70\"><div class=\"wpex-slider-slides sp-slides\"><div class=\"wpex-slider-slide sp-slide\"><div class=\"wpex-slider-media wpex-relative\"><img width=\"625\" height=\"425\" src=\"https:\/\/bermontpackaging.com\/wp-content\/uploads\/2023\/07\/MG_9154-copia-1.png\" class=\"skip-lazy\" alt=\"\" data-no-lazy=\"1\" srcset=\"https:\/\/bermontpackaging.com\/wp-content\/uploads\/2023\/07\/MG_9154-copia-1.png 625w, https:\/\/bermontpackaging.com\/wp-content\/uploads\/2023\/07\/MG_9154-copia-1-300x204.png 300w\" sizes=\"(max-width: 625px) 100vw, 625px\" \/><\/div><\/div><div class=\"wpex-slider-slide sp-slide\"><div class=\"wpex-slider-media wpex-relative\"><img width=\"625\" height=\"425\" src=\"https:\/\/bermontpackaging.com\/wp-content\/uploads\/2023\/07\/9152.png\" class=\"skip-lazy\" alt=\"\" data-no-lazy=\"1\" srcset=\"https:\/\/bermontpackaging.com\/wp-content\/uploads\/2023\/07\/9152.png 625w, https:\/\/bermontpackaging.com\/wp-content\/uploads\/2023\/07\/9152-300x204.png 300w\" sizes=\"(max-width: 625px) 100vw, 625px\" \/><\/div><\/div><div class=\"wpex-slider-slide sp-slide\"><div class=\"wpex-slider-media wpex-relative\"><img width=\"625\" height=\"425\" src=\"https:\/\/bermontpackaging.com\/wp-content\/uploads\/2023\/07\/MG_8905-copia.png\" class=\"skip-lazy\" alt=\"\" data-no-lazy=\"1\" srcset=\"https:\/\/bermontpackaging.com\/wp-content\/uploads\/2023\/07\/MG_8905-copia.png 625w, https:\/\/bermontpackaging.com\/wp-content\/uploads\/2023\/07\/MG_8905-copia-300x204.png 300w\" sizes=\"(max-width: 625px) 100vw, 625px\" \/><\/div><\/div><div class=\"wpex-slider-slide sp-slide\"><div class=\"wpex-slider-media wpex-relative\"><img width=\"625\" height=\"425\" src=\"https:\/\/bermontpackaging.com\/wp-content\/uploads\/2023\/07\/MG_9171-copia.png\" class=\"skip-lazy\" alt=\"\" data-no-lazy=\"1\" srcset=\"https:\/\/bermontpackaging.com\/wp-content\/uploads\/2023\/07\/MG_9171-copia.png 625w, https:\/\/bermontpackaging.com\/wp-content\/uploads\/2023\/07\/MG_9171-copia-300x204.png 300w\" sizes=\"(max-width: 625px) 100vw, 625px\" \/><\/div><\/div><div class=\"wpex-slider-slide sp-slide\"><div class=\"wpex-slider-media wpex-relative\"><img width=\"625\" height=\"425\" src=\"https:\/\/bermontpackaging.com\/wp-content\/uploads\/2023\/07\/MG_8907-copia-1.png\" class=\"skip-lazy\" alt=\"\" data-no-lazy=\"1\" srcset=\"https:\/\/bermontpackaging.com\/wp-content\/uploads\/2023\/07\/MG_8907-copia-1.png 625w, https:\/\/bermontpackaging.com\/wp-content\/uploads\/2023\/07\/MG_8907-copia-1-300x204.png 300w\" sizes=\"(max-width: 625px) 100vw, 625px\" \/><\/div><\/div><\/div><div class=\"wpex-slider-thumbnails sp-thumbnails\"><img width=\"625\" height=\"425\" src=\"https:\/\/bermontpackaging.com\/wp-content\/uploads\/2023\/07\/MG_9154-copia-1.png\" class=\"wpex-slider-thumbnail sp-thumbnail skip-lazy\" alt=\"\" data-no-lazy=\"1\" srcset=\"https:\/\/bermontpackaging.com\/wp-content\/uploads\/2023\/07\/MG_9154-copia-1.png 625w, https:\/\/bermontpackaging.com\/wp-content\/uploads\/2023\/07\/MG_9154-copia-1-300x204.png 300w\" sizes=\"(max-width: 625px) 100vw, 625px\" \/><img width=\"625\" height=\"425\" src=\"https:\/\/bermontpackaging.com\/wp-content\/uploads\/2023\/07\/9152.png\" class=\"wpex-slider-thumbnail sp-thumbnail skip-lazy\" alt=\"\" data-no-lazy=\"1\" srcset=\"https:\/\/bermontpackaging.com\/wp-content\/uploads\/2023\/07\/9152.png 625w, https:\/\/bermontpackaging.com\/wp-content\/uploads\/2023\/07\/9152-300x204.png 300w\" sizes=\"(max-width: 625px) 100vw, 625px\" \/><img width=\"625\" height=\"425\" src=\"https:\/\/bermontpackaging.com\/wp-content\/uploads\/2023\/07\/MG_8905-copia.png\" class=\"wpex-slider-thumbnail sp-thumbnail skip-lazy\" alt=\"\" data-no-lazy=\"1\" srcset=\"https:\/\/bermontpackaging.com\/wp-content\/uploads\/2023\/07\/MG_8905-copia.png 625w, https:\/\/bermontpackaging.com\/wp-content\/uploads\/2023\/07\/MG_8905-copia-300x204.png 300w\" sizes=\"(max-width: 625px) 100vw, 625px\" \/><img width=\"625\" height=\"425\" src=\"https:\/\/bermontpackaging.com\/wp-content\/uploads\/2023\/07\/MG_9171-copia.png\" class=\"wpex-slider-thumbnail sp-thumbnail skip-lazy\" alt=\"\" data-no-lazy=\"1\" srcset=\"https:\/\/bermontpackaging.com\/wp-content\/uploads\/2023\/07\/MG_9171-copia.png 625w, https:\/\/bermontpackaging.com\/wp-content\/uploads\/2023\/07\/MG_9171-copia-300x204.png 300w\" sizes=\"(max-width: 625px) 100vw, 625px\" \/><img width=\"625\" height=\"425\" src=\"https:\/\/bermontpackaging.com\/wp-content\/uploads\/2023\/07\/MG_8907-copia-1.png\" class=\"wpex-slider-thumbnail sp-thumbnail skip-lazy\" alt=\"\" data-no-lazy=\"1\" srcset=\"https:\/\/bermontpackaging.com\/wp-content\/uploads\/2023\/07\/MG_8907-copia-1.png 625w, https:\/\/bermontpackaging.com\/wp-content\/uploads\/2023\/07\/MG_8907-copia-1-300x204.png 300w\" sizes=\"(max-width: 625px) 100vw, 625px\" \/><\/div><\/div><\/div><\/div><\/div><\/div><div class=\"vc_row wpb_row vc_row-fluid wpex-relative\"><div class=\"wpb_column vc_column_container vc_col-sm-12\"><div class=\"vc_column-inner\"><div class=\"wpb_wrapper\"><div class=\"theme-button-wrap textcenter wpex-clr\"><a href=\"https:\/\/bermontpackaging.com\/en\/servicios\/\" class=\"vcex-button theme-button align-center inline\"><span class=\"vcex-button-inner theme-button-inner wpex-flex wpex-flex-wrap wpex-items-center wpex-justify-center\">Back to Services<\/span><\/a><\/div> <\/div><\/div><\/div><\/div>\n<\/div>","protected":false},"excerpt":{"rendered":"Impresi\u00f3n Contamos con la \u00faltima tecnolog\u00eda del mercado para ofrecer a nuestros clientes la mayor calidad en nuestros productos, siempre enfocados a la excelencia buscamos el mayor grado de satisfacci\u00f3n en todo el proceso de producci\u00f3n. Tanto para grandes tiradas como para trabajos m\u00e1s peque\u00f1os y puntuales, disponemos de la mejor tecnolog\u00eda. Un completo y&hellip;","protected":false},"author":4,"featured_media":0,"parent":0,"menu_order":0,"comment_status":"closed","ping_status":"closed","template":"","meta":{"footnotes":""},"class_list":["post-452","page","type-page","status-publish","hentry","entry","no-media"],"yoast_head":"<!-- This site is optimized with the Yoast SEO Premium plugin v20.8 (Yoast SEO v27.4) - https:\/\/yoast.com\/product\/yoast-seo-premium-wordpress\/ -->\n<title>Impresi\u00f3n - Bermont Packaging<\/title>\n<meta name=\"description\" content=\"Contamos con la \u00faltima tecnolog\u00eda del mercado.\" \/>\n<meta name=\"robots\" content=\"index, follow, max-snippet:-1, max-image-preview:large, max-video-preview:-1\" \/>\n<link rel=\"canonical\" href=\"https:\/\/bermontpackaging.com\/en\/impresion\/\" \/>\n<meta property=\"og:locale\" content=\"en_US\" \/>\n<meta property=\"og:type\" content=\"article\" \/>\n<meta property=\"og:title\" content=\"Impresi\u00f3n\" \/>\n<meta property=\"og:description\" content=\"Contamos con la \u00faltima tecnolog\u00eda del mercado.\" \/>\n<meta property=\"og:url\" content=\"https:\/\/bermontpackaging.com\/en\/impresion\/\" \/>\n<meta property=\"og:site_name\" content=\"Bermont Packaging\" \/>\n<meta property=\"article:modified_time\" content=\"2023-07-28T08:52:39+00:00\" \/>\n<meta property=\"og:image\" content=\"https:\/\/bermontpackaging.com\/wp-content\/uploads\/2023\/07\/LOGO-BERMONT-PACKAGING-1.png\" \/>\n\t<meta property=\"og:image:width\" content=\"842\" \/>\n\t<meta property=\"og:image:height\" content=\"595\" \/>\n\t<meta property=\"og:image:type\" content=\"image\/png\" \/>\n<meta name=\"twitter:card\" content=\"summary_large_image\" \/>\n<meta name=\"twitter:label1\" content=\"Est. reading time\" \/>\n\t<meta name=\"twitter:data1\" content=\"1 minute\" \/>\n<script type=\"application\/ld+json\" class=\"yoast-schema-graph\">{\"@context\":\"https:\\\/\\\/schema.org\",\"@graph\":[{\"@type\":\"WebPage\",\"@id\":\"https:\\\/\\\/bermontpackaging.com\\\/impresion\\\/\",\"url\":\"https:\\\/\\\/bermontpackaging.com\\\/impresion\\\/\",\"name\":\"Impresi\u00f3n - Bermont Packaging\",\"isPartOf\":{\"@id\":\"https:\\\/\\\/bermontpackaging.com\\\/#website\"},\"datePublished\":\"2021-09-14T14:58:06+00:00\",\"dateModified\":\"2023-07-28T08:52:39+00:00\",\"description\":\"Contamos con la \u00faltima tecnolog\u00eda del mercado.\",\"breadcrumb\":{\"@id\":\"https:\\\/\\\/bermontpackaging.com\\\/impresion\\\/#breadcrumb\"},\"inLanguage\":\"en-US\",\"potentialAction\":[{\"@type\":\"ReadAction\",\"target\":[\"https:\\\/\\\/bermontpackaging.com\\\/impresion\\\/\"]}]},{\"@type\":\"BreadcrumbList\",\"@id\":\"https:\\\/\\\/bermontpackaging.com\\\/impresion\\\/#breadcrumb\",\"itemListElement\":[{\"@type\":\"ListItem\",\"position\":1,\"name\":\"Portada\",\"item\":\"https:\\\/\\\/bermontpackaging.com\\\/\"},{\"@type\":\"ListItem\",\"position\":2,\"name\":\"Impresi\u00f3n\"}]},{\"@type\":\"WebSite\",\"@id\":\"https:\\\/\\\/bermontpackaging.com\\\/#website\",\"url\":\"https:\\\/\\\/bermontpackaging.com\\\/\",\"name\":\"Bermont Packaging\",\"description\":\"\",\"publisher\":{\"@id\":\"https:\\\/\\\/bermontpackaging.com\\\/#organization\"},\"potentialAction\":[{\"@type\":\"SearchAction\",\"target\":{\"@type\":\"EntryPoint\",\"urlTemplate\":\"https:\\\/\\\/bermontpackaging.com\\\/?s={search_term_string}\"},\"query-input\":{\"@type\":\"PropertyValueSpecification\",\"valueRequired\":true,\"valueName\":\"search_term_string\"}}],\"inLanguage\":\"en-US\"},{\"@type\":\"Organization\",\"@id\":\"https:\\\/\\\/bermontpackaging.com\\\/#organization\",\"name\":\"Bermont Packaging\",\"url\":\"https:\\\/\\\/bermontpackaging.com\\\/\",\"logo\":{\"@type\":\"ImageObject\",\"inLanguage\":\"en-US\",\"@id\":\"https:\\\/\\\/bermontpackaging.com\\\/#\\\/schema\\\/logo\\\/image\\\/\",\"url\":\"https:\\\/\\\/bermontpackaging.com\\\/wp-content\\\/uploads\\\/2023\\\/07\\\/LOGO-BERMONT-PACKAGING-1.png\",\"contentUrl\":\"https:\\\/\\\/bermontpackaging.com\\\/wp-content\\\/uploads\\\/2023\\\/07\\\/LOGO-BERMONT-PACKAGING-1.png\",\"width\":842,\"height\":595,\"caption\":\"Bermont Packaging\"},\"image\":{\"@id\":\"https:\\\/\\\/bermontpackaging.com\\\/#\\\/schema\\\/logo\\\/image\\\/\"},\"sameAs\":[\"https:\\\/\\\/www.linkedin.com\\\/company\\\/nersis-solutions\\\/\",\"https:\\\/\\\/youtube.com\\\/channel\\\/UCSAWW3sRo63VcFGWSRV2u7Q\"]}]}<\/script>\n<!-- \/ Yoast SEO Premium plugin. -->","yoast_head_json":{"title":"Impresi\u00f3n - Bermont Packaging","description":"Contamos con la \u00faltima tecnolog\u00eda del mercado.","robots":{"index":"index","follow":"follow","max-snippet":"max-snippet:-1","max-image-preview":"max-image-preview:large","max-video-preview":"max-video-preview:-1"},"canonical":"https:\/\/bermontpackaging.com\/en\/impresion\/","og_locale":"en_US","og_type":"article","og_title":"Impresi\u00f3n","og_description":"Contamos con la \u00faltima tecnolog\u00eda del mercado.","og_url":"https:\/\/bermontpackaging.com\/en\/impresion\/","og_site_name":"Bermont Packaging","article_modified_time":"2023-07-28T08:52:39+00:00","og_image":[{"width":842,"height":595,"url":"https:\/\/bermontpackaging.com\/wp-content\/uploads\/2023\/07\/LOGO-BERMONT-PACKAGING-1.png","type":"image\/png"}],"twitter_card":"summary_large_image","twitter_misc":{"Est. reading time":"1 minute"},"schema":{"@context":"https:\/\/schema.org","@graph":[{"@type":"WebPage","@id":"https:\/\/bermontpackaging.com\/impresion\/","url":"https:\/\/bermontpackaging.com\/impresion\/","name":"Impresi\u00f3n - Bermont Packaging","isPartOf":{"@id":"https:\/\/bermontpackaging.com\/#website"},"datePublished":"2021-09-14T14:58:06+00:00","dateModified":"2023-07-28T08:52:39+00:00","description":"Contamos con la \u00faltima tecnolog\u00eda del mercado.","breadcrumb":{"@id":"https:\/\/bermontpackaging.com\/impresion\/#breadcrumb"},"inLanguage":"en-US","potentialAction":[{"@type":"ReadAction","target":["https:\/\/bermontpackaging.com\/impresion\/"]}]},{"@type":"BreadcrumbList","@id":"https:\/\/bermontpackaging.com\/impresion\/#breadcrumb","itemListElement":[{"@type":"ListItem","position":1,"name":"Portada","item":"https:\/\/bermontpackaging.com\/"},{"@type":"ListItem","position":2,"name":"Impresi\u00f3n"}]},{"@type":"WebSite","@id":"https:\/\/bermontpackaging.com\/#website","url":"https:\/\/bermontpackaging.com\/","name":"Bermont Packaging","description":"","publisher":{"@id":"https:\/\/bermontpackaging.com\/#organization"},"potentialAction":[{"@type":"SearchAction","target":{"@type":"EntryPoint","urlTemplate":"https:\/\/bermontpackaging.com\/?s={search_term_string}"},"query-input":{"@type":"PropertyValueSpecification","valueRequired":true,"valueName":"search_term_string"}}],"inLanguage":"en-US"},{"@type":"Organization","@id":"https:\/\/bermontpackaging.com\/#organization","name":"Bermont Packaging","url":"https:\/\/bermontpackaging.com\/","logo":{"@type":"ImageObject","inLanguage":"en-US","@id":"https:\/\/bermontpackaging.com\/#\/schema\/logo\/image\/","url":"https:\/\/bermontpackaging.com\/wp-content\/uploads\/2023\/07\/LOGO-BERMONT-PACKAGING-1.png","contentUrl":"https:\/\/bermontpackaging.com\/wp-content\/uploads\/2023\/07\/LOGO-BERMONT-PACKAGING-1.png","width":842,"height":595,"caption":"Bermont Packaging"},"image":{"@id":"https:\/\/bermontpackaging.com\/#\/schema\/logo\/image\/"},"sameAs":["https:\/\/www.linkedin.com\/company\/nersis-solutions\/","https:\/\/youtube.com\/channel\/UCSAWW3sRo63VcFGWSRV2u7Q"]}]}},"_links":{"self":[{"href":"https:\/\/bermontpackaging.com\/en\/wp-json\/wp\/v2\/pages\/452","targetHints":{"allow":["GET"]}}],"collection":[{"href":"https:\/\/bermontpackaging.com\/en\/wp-json\/wp\/v2\/pages"}],"about":[{"href":"https:\/\/bermontpackaging.com\/en\/wp-json\/wp\/v2\/types\/page"}],"author":[{"embeddable":true,"href":"https:\/\/bermontpackaging.com\/en\/wp-json\/wp\/v2\/users\/4"}],"replies":[{"embeddable":true,"href":"https:\/\/bermontpackaging.com\/en\/wp-json\/wp\/v2\/comments?post=452"}],"version-history":[{"count":47,"href":"https:\/\/bermontpackaging.com\/en\/wp-json\/wp\/v2\/pages\/452\/revisions"}],"predecessor-version":[{"id":2989,"href":"https:\/\/bermontpackaging.com\/en\/wp-json\/wp\/v2\/pages\/452\/revisions\/2989"}],"wp:attachment":[{"href":"https:\/\/bermontpackaging.com\/en\/wp-json\/wp\/v2\/media?parent=452"}],"curies":[{"name":"wp","href":"https:\/\/api.w.org\/{rel}","templated":true}]}}