{"id":3,"date":"2021-07-01T09:49:05","date_gmt":"2021-07-01T09:49:05","guid":{"rendered":"https:\/\/nersis.es\/?page_id=3"},"modified":"2023-08-30T10:33:41","modified_gmt":"2023-08-30T08:33:41","slug":"politica-privacidad","status":"publish","type":"page","link":"https:\/\/bermontpackaging.com\/en\/politica-privacidad\/","title":{"rendered":"Privacy policy"},"content":{"rendered":"<div class=\"wpb-content-wrapper\"><div class=\"vc_row wpb_row vc_row-fluid wpex-relative\"><div class=\"wpb_column vc_column_container vc_col-sm-3\"><div class=\"vc_column-inner\"><div class=\"wpb_wrapper\"><\/div><\/div><\/div><div class=\"wpb_column vc_column_container vc_col-sm-6 wpex-vc_col-has-fill\"><div class=\"vc_column-inner vc_custom_1630482307809\"><div class=\"wpb_wrapper\">\n\t<div class=\"wpb_text_column wpb_content_element\" >\n\t\t<div class=\"wpb_wrapper\">\n\t\t\t<p style=\"text-align: justify;\"><strong>Privacy Policy<\/strong><\/p>\n<p style=\"text-align: justify;\">Following the principles of legality, loyalty and transparency, we make this Privacy Policy available to you.<\/p>\n<p style=\"text-align: justify;\">Who is responsible for the processing of your data?<\/p>\n<p style=\"text-align: justify;\">BERMONT PACKAGING S.L.<\/p>\n<p style=\"text-align: justify;\">CIF: B80509029<\/p>\n<p style=\"text-align: justify;\">REGISTERED ADDRESS: C\/ LA VENTA N\u00ba2 EDIFICIO 9 NAVE 16-17-18, 28880, MECO, MADRID<\/p>\n<p style=\"text-align: justify;\">Email: <a href=\"mailto:datospersonales@bermont.com\">datospersonales@bermont.es<\/a><\/p>\n<p style=\"text-align: justify;\">Phone: 916707150<\/p>\n<table width=\"593\">\n<tbody>\n<tr>\n<td>Datos del DPO:<\/td>\n<td width=\"481\">GRUPO ADAPTALIA \u2013 LEGAL FORMATIVO S.L.<\/td>\n<td width=\"0\"><\/td>\n<\/tr>\n<tr>\n<td rowspan=\"2\"><\/td>\n<td width=\"481\">C\/Goya 115, 28009, Madrid<\/td>\n<td width=\"0\"><\/td>\n<\/tr>\n<tr>\n<td width=\"481\">91 553 34 08<\/td>\n<td width=\"0\"><\/td>\n<\/tr>\n<\/tbody>\n<\/table>\n<p style=\"text-align: justify;\">For what purpose do we process your personal data?<\/p>\n<p style=\"text-align: justify;\">At BERMONT PACKAGING S.L. We process the information you provide us with in order to manage the contractual relationship that unites us, manage the sending of the information you request, provide interested parties with offers of our services and\/or products of interest and\/or manage their application.<\/p>\n<p style=\"text-align: justify;\">How long will we keep your personal data?<\/p>\n<p style=\"text-align: justify;\">Your data will be kept for the minimum time necessary for the correct provision of the service offered as well as to meet the responsibilities that may arise from it and any other legal requirement.<\/p>\n<p style=\"text-align: justify;\">What is the legitimacy for the processing of your data?<\/p>\n<p style=\"text-align: justify;\">The legal basis for the processing of your personal data may be the execution of a potential and\/or signed contractual relationship, legitimate interest, legal authorization and\/or the consent of the interested party himself. The data we request from you is adequate, relevant and strictly necessary and in no case are you obliged to provide it to us, but failure to provide it may affect the purpose of the service or the impossibility of providing it.<\/p>\n<p style=\"text-align: justify;\">To which recipients will your data be communicated?<\/p>\n<p style=\"text-align: justify;\">BERMONT PACKAGING S.L. will not communicate your data to any third party, unless expressly informed.<\/p>\n<p style=\"text-align: justify;\">What are your rights when you provide us with your data?<\/p>\n<p style=\"text-align: justify;\">The data protection rights of which the interested parties are entitled are:<\/p>\n<ul style=\"text-align: justify;\">\n<li>Right to request access to personal data relating to the interested party<\/li>\n<li>Right to rectification or deletion<\/li>\n<li>Right to object<\/li>\n<li>Right to request limitation of your treatment<\/li>\n<li>Right to data portability<\/li>\n<\/ul>\n<p style=\"text-align: justify;\">The owners of the personal data obtained may exercise their personal data protection rights by sending a written communication to the registered office of BERMONT PACKAGING S.L. or to the email enabled for this purpose, <a href=\"mailto:datospersonales@bermont.com\">datospersonales@bermont.es<\/a>, including in both cases a photocopy of your DNI or other equivalent identification document.<\/p>\n<p style=\"text-align: justify;\">Models, forms and more information available about your rights on the website of the national control authority, Spanish Data Protection Agency, hereinafter, AEPD, <a href=\"http:\/\/www.agpd.es\"><strong>www.agpd.es<\/strong><\/a><\/p>\n<p style=\"text-align: justify;\">Can I withdraw consent?<\/p>\n<p style=\"text-align: justify;\">You have the possibility and the right to withdraw consent for any specific purpose granted at the time, without affecting the legality of the treatment based on the consent prior to its withdrawal.<\/p>\n<p style=\"text-align: justify;\">Where can I complain if I believe that my data is not being processed correctly?<\/p>\n<p style=\"text-align: justify;\">If any interested party considers that their data is not being processed correctly by BERMONT PACKAGING S.L. You can direct your complaints to the email <a href=\"mailto:datospersonales@bermont.com\">datospersonales@bermont.es<\/a> or to the corresponding data protection authority, the AEPD being the one indicated in the national territory, <a href=\"http:\/\/www.agpd.es\">www.agpd.es<\/a><\/p>\n<p style=\"text-align: justify;\">Security and updating of your personal data<\/p>\n<p style=\"text-align: justify;\">In order to safeguard the security of your personal data, we inform you that BERMONT PACKAGING S.L. has adopted all the necessary technical and organizational measures to guarantee the security of the personal data provided. All this to avoid alteration, loss, and\/or unauthorized processing or access, as required by regulations, although absolute security does not exist.<\/p>\n<p style=\"text-align: justify;\">It is important that, so that we can keep your personal data updated, you always inform us when there is a change to it.<\/p>\n<p style=\"text-align: justify;\">Confidentiality<\/p>\n<h2 style=\"text-align: justify;\">BERMONT PACKAGING S.L. informs you that your data will be treated with the utmost care and confidentiality by all personnel involved in any of the treatment phases. We will not transfer or communicate your data to any third party, except in the cases legally provided for, or unless the interested party has expressly authorized us.<\/h2>\n\n\t\t<\/div>\n\t<\/div>\n<\/div><\/div><\/div><div class=\"wpb_column vc_column_container vc_col-sm-3\"><div class=\"vc_column-inner\"><div class=\"wpb_wrapper\"><\/div><\/div><\/div><\/div>\n<\/div>","protected":false},"excerpt":{"rendered":"Pol\u00edtica de Privacidad Siguiendo los principios de licitud, lealtad y transparencia, ponemos a su disposici\u00f3n la presente Pol\u00edtica de Privacidad. \u00bfQui\u00e9n es el Responsable del tratamiento de sus datos? BERMONT PACKAGING S.L. CIF: B80509029 DOMICILIO SOCIAL: C\/ LA VENTA N\u00ba2 EDIFICIO 9 NAVE 16-17-18, 28880, MECO, MADRID Email: datospersonales@bermont.es Tel\u00e9fono: 916707150 Datos del DPO: GRUPO&hellip;","protected":false},"author":4,"featured_media":0,"parent":0,"menu_order":0,"comment_status":"closed","ping_status":"closed","template":"","meta":{"footnotes":""},"class_list":["post-3","page","type-page","status-publish","hentry","entry","no-media"],"yoast_head":"<!-- This site is optimized with the Yoast SEO Premium plugin v20.8 (Yoast SEO v27.3) - https:\/\/yoast.com\/product\/yoast-seo-premium-wordpress\/ -->\n<title>Pol\u00edtica de privacidad - Bermont Packaging<\/title>\n<meta name=\"robots\" content=\"index, follow, max-snippet:-1, max-image-preview:large, max-video-preview:-1\" \/>\n<link rel=\"canonical\" href=\"https:\/\/bermontpackaging.com\/en\/politica-privacidad\/\" \/>\n<meta property=\"og:locale\" content=\"en_US\" \/>\n<meta property=\"og:type\" content=\"article\" \/>\n<meta property=\"og:title\" content=\"Pol\u00edtica de privacidad\" \/>\n<meta property=\"og:url\" content=\"https:\/\/bermontpackaging.com\/en\/politica-privacidad\/\" \/>\n<meta property=\"og:site_name\" content=\"Bermont Packaging\" \/>\n<meta property=\"article:modified_time\" content=\"2023-08-30T08:33:41+00:00\" \/>\n<meta property=\"og:image\" content=\"https:\/\/bermontpackaging.com\/wp-content\/uploads\/2023\/07\/LOGO-BERMONT-PACKAGING-1.png\" \/>\n\t<meta property=\"og:image:width\" content=\"842\" \/>\n\t<meta property=\"og:image:height\" content=\"595\" \/>\n\t<meta property=\"og:image:type\" content=\"image\/png\" \/>\n<meta name=\"twitter:card\" content=\"summary_large_image\" \/>\n<meta name=\"twitter:label1\" content=\"Est. reading time\" \/>\n\t<meta name=\"twitter:data1\" content=\"4 minutes\" \/>\n<script type=\"application\/ld+json\" class=\"yoast-schema-graph\">{\"@context\":\"https:\\\/\\\/schema.org\",\"@graph\":[{\"@type\":\"WebPage\",\"@id\":\"https:\\\/\\\/bermontpackaging.com\\\/politica-privacidad\\\/\",\"url\":\"https:\\\/\\\/bermontpackaging.com\\\/politica-privacidad\\\/\",\"name\":\"Pol\u00edtica de privacidad - Bermont Packaging\",\"isPartOf\":{\"@id\":\"https:\\\/\\\/bermontpackaging.com\\\/#website\"},\"datePublished\":\"2021-07-01T09:49:05+00:00\",\"dateModified\":\"2023-08-30T08:33:41+00:00\",\"breadcrumb\":{\"@id\":\"https:\\\/\\\/bermontpackaging.com\\\/politica-privacidad\\\/#breadcrumb\"},\"inLanguage\":\"en-US\",\"potentialAction\":[{\"@type\":\"ReadAction\",\"target\":[\"https:\\\/\\\/bermontpackaging.com\\\/politica-privacidad\\\/\"]}]},{\"@type\":\"BreadcrumbList\",\"@id\":\"https:\\\/\\\/bermontpackaging.com\\\/politica-privacidad\\\/#breadcrumb\",\"itemListElement\":[{\"@type\":\"ListItem\",\"position\":1,\"name\":\"Portada\",\"item\":\"https:\\\/\\\/bermontpackaging.com\\\/\"},{\"@type\":\"ListItem\",\"position\":2,\"name\":\"Pol\u00edtica de privacidad\"}]},{\"@type\":\"WebSite\",\"@id\":\"https:\\\/\\\/bermontpackaging.com\\\/#website\",\"url\":\"https:\\\/\\\/bermontpackaging.com\\\/\",\"name\":\"Bermont Packaging\",\"description\":\"\",\"publisher\":{\"@id\":\"https:\\\/\\\/bermontpackaging.com\\\/#organization\"},\"potentialAction\":[{\"@type\":\"SearchAction\",\"target\":{\"@type\":\"EntryPoint\",\"urlTemplate\":\"https:\\\/\\\/bermontpackaging.com\\\/?s={search_term_string}\"},\"query-input\":{\"@type\":\"PropertyValueSpecification\",\"valueRequired\":true,\"valueName\":\"search_term_string\"}}],\"inLanguage\":\"en-US\"},{\"@type\":\"Organization\",\"@id\":\"https:\\\/\\\/bermontpackaging.com\\\/#organization\",\"name\":\"Bermont Packaging\",\"url\":\"https:\\\/\\\/bermontpackaging.com\\\/\",\"logo\":{\"@type\":\"ImageObject\",\"inLanguage\":\"en-US\",\"@id\":\"https:\\\/\\\/bermontpackaging.com\\\/#\\\/schema\\\/logo\\\/image\\\/\",\"url\":\"https:\\\/\\\/bermontpackaging.com\\\/wp-content\\\/uploads\\\/2023\\\/07\\\/LOGO-BERMONT-PACKAGING-1.png\",\"contentUrl\":\"https:\\\/\\\/bermontpackaging.com\\\/wp-content\\\/uploads\\\/2023\\\/07\\\/LOGO-BERMONT-PACKAGING-1.png\",\"width\":842,\"height\":595,\"caption\":\"Bermont Packaging\"},\"image\":{\"@id\":\"https:\\\/\\\/bermontpackaging.com\\\/#\\\/schema\\\/logo\\\/image\\\/\"},\"sameAs\":[\"https:\\\/\\\/www.linkedin.com\\\/company\\\/nersis-solutions\\\/\",\"https:\\\/\\\/youtube.com\\\/channel\\\/UCSAWW3sRo63VcFGWSRV2u7Q\"]}]}<\/script>\n<!-- \/ Yoast SEO Premium plugin. -->","yoast_head_json":{"title":"Pol\u00edtica de privacidad - Bermont Packaging","robots":{"index":"index","follow":"follow","max-snippet":"max-snippet:-1","max-image-preview":"max-image-preview:large","max-video-preview":"max-video-preview:-1"},"canonical":"https:\/\/bermontpackaging.com\/en\/politica-privacidad\/","og_locale":"en_US","og_type":"article","og_title":"Pol\u00edtica de privacidad","og_url":"https:\/\/bermontpackaging.com\/en\/politica-privacidad\/","og_site_name":"Bermont Packaging","article_modified_time":"2023-08-30T08:33:41+00:00","og_image":[{"width":842,"height":595,"url":"https:\/\/bermontpackaging.com\/wp-content\/uploads\/2023\/07\/LOGO-BERMONT-PACKAGING-1.png","type":"image\/png"}],"twitter_card":"summary_large_image","twitter_misc":{"Est. reading time":"4 minutes"},"schema":{"@context":"https:\/\/schema.org","@graph":[{"@type":"WebPage","@id":"https:\/\/bermontpackaging.com\/politica-privacidad\/","url":"https:\/\/bermontpackaging.com\/politica-privacidad\/","name":"Pol\u00edtica de privacidad - Bermont Packaging","isPartOf":{"@id":"https:\/\/bermontpackaging.com\/#website"},"datePublished":"2021-07-01T09:49:05+00:00","dateModified":"2023-08-30T08:33:41+00:00","breadcrumb":{"@id":"https:\/\/bermontpackaging.com\/politica-privacidad\/#breadcrumb"},"inLanguage":"en-US","potentialAction":[{"@type":"ReadAction","target":["https:\/\/bermontpackaging.com\/politica-privacidad\/"]}]},{"@type":"BreadcrumbList","@id":"https:\/\/bermontpackaging.com\/politica-privacidad\/#breadcrumb","itemListElement":[{"@type":"ListItem","position":1,"name":"Portada","item":"https:\/\/bermontpackaging.com\/"},{"@type":"ListItem","position":2,"name":"Pol\u00edtica de privacidad"}]},{"@type":"WebSite","@id":"https:\/\/bermontpackaging.com\/#website","url":"https:\/\/bermontpackaging.com\/","name":"Bermont Packaging","description":"","publisher":{"@id":"https:\/\/bermontpackaging.com\/#organization"},"potentialAction":[{"@type":"SearchAction","target":{"@type":"EntryPoint","urlTemplate":"https:\/\/bermontpackaging.com\/?s={search_term_string}"},"query-input":{"@type":"PropertyValueSpecification","valueRequired":true,"valueName":"search_term_string"}}],"inLanguage":"en-US"},{"@type":"Organization","@id":"https:\/\/bermontpackaging.com\/#organization","name":"Bermont Packaging","url":"https:\/\/bermontpackaging.com\/","logo":{"@type":"ImageObject","inLanguage":"en-US","@id":"https:\/\/bermontpackaging.com\/#\/schema\/logo\/image\/","url":"https:\/\/bermontpackaging.com\/wp-content\/uploads\/2023\/07\/LOGO-BERMONT-PACKAGING-1.png","contentUrl":"https:\/\/bermontpackaging.com\/wp-content\/uploads\/2023\/07\/LOGO-BERMONT-PACKAGING-1.png","width":842,"height":595,"caption":"Bermont Packaging"},"image":{"@id":"https:\/\/bermontpackaging.com\/#\/schema\/logo\/image\/"},"sameAs":["https:\/\/www.linkedin.com\/company\/nersis-solutions\/","https:\/\/youtube.com\/channel\/UCSAWW3sRo63VcFGWSRV2u7Q"]}]}},"_links":{"self":[{"href":"https:\/\/bermontpackaging.com\/en\/wp-json\/wp\/v2\/pages\/3","targetHints":{"allow":["GET"]}}],"collection":[{"href":"https:\/\/bermontpackaging.com\/en\/wp-json\/wp\/v2\/pages"}],"about":[{"href":"https:\/\/bermontpackaging.com\/en\/wp-json\/wp\/v2\/types\/page"}],"author":[{"embeddable":true,"href":"https:\/\/bermontpackaging.com\/en\/wp-json\/wp\/v2\/users\/4"}],"replies":[{"embeddable":true,"href":"https:\/\/bermontpackaging.com\/en\/wp-json\/wp\/v2\/comments?post=3"}],"version-history":[{"count":10,"href":"https:\/\/bermontpackaging.com\/en\/wp-json\/wp\/v2\/pages\/3\/revisions"}],"predecessor-version":[{"id":3030,"href":"https:\/\/bermontpackaging.com\/en\/wp-json\/wp\/v2\/pages\/3\/revisions\/3030"}],"wp:attachment":[{"href":"https:\/\/bermontpackaging.com\/en\/wp-json\/wp\/v2\/media?parent=3"}],"curies":[{"name":"wp","href":"https:\/\/api.w.org\/{rel}","templated":true}]}}