{"id":1981,"date":"2023-07-05T03:24:36","date_gmt":"2023-07-05T01:24:36","guid":{"rendered":"https:\/\/dev.bermont.es\/bp\/?page_id=1981"},"modified":"2024-06-24T10:05:38","modified_gmt":"2024-06-24T08:05:38","slug":"prospectos","status":"publish","type":"page","link":"https:\/\/bermontpackaging.com\/en\/prospectos\/","title":{"rendered":"Package leaflet"},"content":{"rendered":"<div class=\"wpb-content-wrapper\"><div class=\"vc_row wpb_row vc_row-fluid vc_custom_1690203709710 wpex-vc-full-width-row wpex-vc-full-width-row--centered wpex-relative wpex-vc_row-has-fill no-bottom-margins wpex-vc-reset-negative-margin wpex-has-overlay wpex-has-overlay--69d84d92a54d7\"><div class=\"wpex-bg-overlay-wrap wpex-absolute wpex-inset-0 wpex-rounded-inherit\"><style class=\"wpex-bg-overlay-css\">.wpex-has-overlay--69d84d92a54d7 > .wpex-bg-overlay-wrap .wpex-bg-overlay{background-color:#ffffff;opacity:0.6;}<\/style><span class=\"wpex-bg-overlay color wpex-absolute wpex-inset-0 wpex-rounded-inherit wpex-duration-500 wpex-opacity-60 wpex-bg-black\"><\/span><\/div><div class=\"wpb_column vc_column_container vc_col-sm-6\"><div class=\"vc_column-inner\"><div class=\"wpb_wrapper\"><figure class=\"vcex-image vcex-module\"><div class=\"vcex-image-inner wpex-relative wpex-inline-block\"><img width=\"625\" height=\"425\" src=\"https:\/\/bermontpackaging.com\/wp-content\/uploads\/2023\/07\/MG_8918-copia.png\" class=\"vcex-image-img wpex-align-middle\" alt=\"\" loading=\"lazy\" decoding=\"async\" srcset=\"https:\/\/bermontpackaging.com\/wp-content\/uploads\/2023\/07\/MG_8918-copia.png 625w, https:\/\/bermontpackaging.com\/wp-content\/uploads\/2023\/07\/MG_8918-copia-300x204.png 300w\" sizes=\"auto, (max-width: 625px) 100vw, 625px\" \/><\/div><\/figure><\/div><\/div><\/div><div class=\"wpb_column vc_column_container vc_col-sm-6\"><div class=\"vc_column-inner\"><div class=\"wpb_wrapper\">\n\t<div class=\"wpb_text_column wpb_content_element\" >\n\t\t<div class=\"wpb_wrapper\">\n\t\t\t<h1 style=\"text-align: center;\">Package leaflet<\/h1>\n\n\t\t<\/div>\n\t<\/div>\n<div class=\"vcex-spacing wpex-w-100 wpex-clear\" style=\"height:20px;\"><\/div>\n\t<div style=\"font-size:16px;\" class=\"wpb_text_column wpb_content_element\" >\n\t\t<div class=\"wpb_wrapper\">\n\t\t\t<p style=\"text-align: center;\">In BERMONT PACKAGING we are specialists in the printing of pharmaceutical and cosmetic leaflets, for this we have adequate facilities equipped with the latest printing and folding technology.<\/p>\n<p style=\"text-align: center;\">Always focused on the quality and satisfaction of our customers, we comply with the standards and regulations of the graphic and pharmaceutical industry and advise you so that your visual communications are effective, so that you can graphically capture your ideas, through a highly professional product.<\/p>\n<p style=\"text-align: center;\">Tell us what you need and we will make sure you get the highest quality work on time and price.<\/p>\n\n\t\t<\/div>\n\t<\/div>\n<\/div><\/div><\/div><\/div><div class=\"vc_row wpb_row vc_row-fluid vc_custom_1690203685268 wpex-relative no-bottom-margins\" style=\"z-index:999!important;\"><div class=\"wpb_column vc_column_container vc_col-sm-2\"><div class=\"vc_column-inner\"><div class=\"wpb_wrapper\"><\/div><\/div><\/div><div class=\"wpb_column vc_column_container vc_col-sm-8\"><div class=\"vc_column-inner\"><div class=\"wpb_wrapper\"><div class=\"theme-button-wrap textcenter wpex-clr\"><a href=\"https:\/\/bermontpackaging.com\/en\/mercados\/\" class=\"vcex-button theme-button align-center inline\"><span class=\"vcex-button-inner theme-button-inner wpex-flex wpex-flex-wrap wpex-items-center wpex-justify-center\">Back to Markets<\/span><\/a><\/div> <\/div><\/div><\/div><div class=\"wpb_column vc_column_container vc_col-sm-2\"><div class=\"vc_column-inner\"><div class=\"wpb_wrapper\"><\/div><\/div><\/div><\/div>\n<\/div>","protected":false},"excerpt":{"rendered":"Prospectos En BERMONT PACKAGING somos especialistas en la impresi\u00f3n de prospectos farmac\u00e9uticos y cosm\u00e9ticos, para ello contamos con unas instalaciones adecuadas y dotadas de \u00faltima tecnolog\u00eda de impresi\u00f3n y plegado. Siempre enfocados en la calidad y satisfacci\u00f3n de nuestros clientes, cumplimos los est\u00e1ndares y normativas de la industria gr\u00e1fica y farmac\u00e9utica y le asesoramos para&hellip;","protected":false},"author":4,"featured_media":0,"parent":0,"menu_order":0,"comment_status":"closed","ping_status":"closed","template":"","meta":{"footnotes":""},"class_list":["post-1981","page","type-page","status-publish","hentry","entry","no-media"],"yoast_head":"<!-- This site is optimized with the Yoast SEO Premium plugin v20.8 (Yoast SEO v27.3) - https:\/\/yoast.com\/product\/yoast-seo-premium-wordpress\/ -->\n<title>Prospectos - Bermont Packaging<\/title>\n<meta name=\"description\" content=\"Especialistas en la impresi\u00f3n de prospectos farmac\u00e9uticos y cosm\u00e9ticos.\" \/>\n<meta name=\"robots\" content=\"index, follow, max-snippet:-1, max-image-preview:large, max-video-preview:-1\" \/>\n<link rel=\"canonical\" href=\"https:\/\/bermontpackaging.com\/en\/prospectos\/\" \/>\n<meta property=\"og:locale\" content=\"en_US\" \/>\n<meta property=\"og:type\" content=\"article\" \/>\n<meta property=\"og:title\" content=\"Prospectos\" \/>\n<meta property=\"og:description\" content=\"Especialistas en la impresi\u00f3n de prospectos farmac\u00e9uticos y cosm\u00e9ticos.\" \/>\n<meta property=\"og:url\" content=\"https:\/\/bermontpackaging.com\/en\/prospectos\/\" \/>\n<meta property=\"og:site_name\" content=\"Bermont Packaging\" \/>\n<meta property=\"article:modified_time\" content=\"2024-06-24T08:05:38+00:00\" \/>\n<meta property=\"og:image\" content=\"https:\/\/bermontpackaging.com\/wp-content\/uploads\/2023\/07\/LOGO-BERMONT-PACKAGING-1.png\" \/>\n\t<meta property=\"og:image:width\" content=\"842\" \/>\n\t<meta property=\"og:image:height\" content=\"595\" \/>\n\t<meta property=\"og:image:type\" content=\"image\/png\" \/>\n<meta name=\"twitter:card\" content=\"summary_large_image\" \/>\n<meta name=\"twitter:label1\" content=\"Est. reading time\" \/>\n\t<meta name=\"twitter:data1\" content=\"1 minute\" \/>\n<script type=\"application\/ld+json\" class=\"yoast-schema-graph\">{\"@context\":\"https:\\\/\\\/schema.org\",\"@graph\":[{\"@type\":\"WebPage\",\"@id\":\"https:\\\/\\\/bermontpackaging.com\\\/prospectos\\\/\",\"url\":\"https:\\\/\\\/bermontpackaging.com\\\/prospectos\\\/\",\"name\":\"Prospectos - Bermont Packaging\",\"isPartOf\":{\"@id\":\"https:\\\/\\\/bermontpackaging.com\\\/#website\"},\"datePublished\":\"2023-07-05T01:24:36+00:00\",\"dateModified\":\"2024-06-24T08:05:38+00:00\",\"description\":\"Especialistas en la impresi\u00f3n de prospectos farmac\u00e9uticos y cosm\u00e9ticos.\",\"breadcrumb\":{\"@id\":\"https:\\\/\\\/bermontpackaging.com\\\/prospectos\\\/#breadcrumb\"},\"inLanguage\":\"en-US\",\"potentialAction\":[{\"@type\":\"ReadAction\",\"target\":[\"https:\\\/\\\/bermontpackaging.com\\\/prospectos\\\/\"]}]},{\"@type\":\"BreadcrumbList\",\"@id\":\"https:\\\/\\\/bermontpackaging.com\\\/prospectos\\\/#breadcrumb\",\"itemListElement\":[{\"@type\":\"ListItem\",\"position\":1,\"name\":\"Portada\",\"item\":\"https:\\\/\\\/bermontpackaging.com\\\/\"},{\"@type\":\"ListItem\",\"position\":2,\"name\":\"Prospectos\"}]},{\"@type\":\"WebSite\",\"@id\":\"https:\\\/\\\/bermontpackaging.com\\\/#website\",\"url\":\"https:\\\/\\\/bermontpackaging.com\\\/\",\"name\":\"Bermont Packaging\",\"description\":\"\",\"publisher\":{\"@id\":\"https:\\\/\\\/bermontpackaging.com\\\/#organization\"},\"potentialAction\":[{\"@type\":\"SearchAction\",\"target\":{\"@type\":\"EntryPoint\",\"urlTemplate\":\"https:\\\/\\\/bermontpackaging.com\\\/?s={search_term_string}\"},\"query-input\":{\"@type\":\"PropertyValueSpecification\",\"valueRequired\":true,\"valueName\":\"search_term_string\"}}],\"inLanguage\":\"en-US\"},{\"@type\":\"Organization\",\"@id\":\"https:\\\/\\\/bermontpackaging.com\\\/#organization\",\"name\":\"Bermont Packaging\",\"url\":\"https:\\\/\\\/bermontpackaging.com\\\/\",\"logo\":{\"@type\":\"ImageObject\",\"inLanguage\":\"en-US\",\"@id\":\"https:\\\/\\\/bermontpackaging.com\\\/#\\\/schema\\\/logo\\\/image\\\/\",\"url\":\"https:\\\/\\\/bermontpackaging.com\\\/wp-content\\\/uploads\\\/2023\\\/07\\\/LOGO-BERMONT-PACKAGING-1.png\",\"contentUrl\":\"https:\\\/\\\/bermontpackaging.com\\\/wp-content\\\/uploads\\\/2023\\\/07\\\/LOGO-BERMONT-PACKAGING-1.png\",\"width\":842,\"height\":595,\"caption\":\"Bermont Packaging\"},\"image\":{\"@id\":\"https:\\\/\\\/bermontpackaging.com\\\/#\\\/schema\\\/logo\\\/image\\\/\"},\"sameAs\":[\"https:\\\/\\\/www.linkedin.com\\\/company\\\/nersis-solutions\\\/\",\"https:\\\/\\\/youtube.com\\\/channel\\\/UCSAWW3sRo63VcFGWSRV2u7Q\"]}]}<\/script>\n<!-- \/ Yoast SEO Premium plugin. -->","yoast_head_json":{"title":"Prospectos - Bermont Packaging","description":"Especialistas en la impresi\u00f3n de prospectos farmac\u00e9uticos y cosm\u00e9ticos.","robots":{"index":"index","follow":"follow","max-snippet":"max-snippet:-1","max-image-preview":"max-image-preview:large","max-video-preview":"max-video-preview:-1"},"canonical":"https:\/\/bermontpackaging.com\/en\/prospectos\/","og_locale":"en_US","og_type":"article","og_title":"Prospectos","og_description":"Especialistas en la impresi\u00f3n de prospectos farmac\u00e9uticos y cosm\u00e9ticos.","og_url":"https:\/\/bermontpackaging.com\/en\/prospectos\/","og_site_name":"Bermont Packaging","article_modified_time":"2024-06-24T08:05:38+00:00","og_image":[{"width":842,"height":595,"url":"https:\/\/bermontpackaging.com\/wp-content\/uploads\/2023\/07\/LOGO-BERMONT-PACKAGING-1.png","type":"image\/png"}],"twitter_card":"summary_large_image","twitter_misc":{"Est. reading time":"1 minute"},"schema":{"@context":"https:\/\/schema.org","@graph":[{"@type":"WebPage","@id":"https:\/\/bermontpackaging.com\/prospectos\/","url":"https:\/\/bermontpackaging.com\/prospectos\/","name":"Prospectos - Bermont Packaging","isPartOf":{"@id":"https:\/\/bermontpackaging.com\/#website"},"datePublished":"2023-07-05T01:24:36+00:00","dateModified":"2024-06-24T08:05:38+00:00","description":"Especialistas en la impresi\u00f3n de prospectos farmac\u00e9uticos y cosm\u00e9ticos.","breadcrumb":{"@id":"https:\/\/bermontpackaging.com\/prospectos\/#breadcrumb"},"inLanguage":"en-US","potentialAction":[{"@type":"ReadAction","target":["https:\/\/bermontpackaging.com\/prospectos\/"]}]},{"@type":"BreadcrumbList","@id":"https:\/\/bermontpackaging.com\/prospectos\/#breadcrumb","itemListElement":[{"@type":"ListItem","position":1,"name":"Portada","item":"https:\/\/bermontpackaging.com\/"},{"@type":"ListItem","position":2,"name":"Prospectos"}]},{"@type":"WebSite","@id":"https:\/\/bermontpackaging.com\/#website","url":"https:\/\/bermontpackaging.com\/","name":"Bermont Packaging","description":"","publisher":{"@id":"https:\/\/bermontpackaging.com\/#organization"},"potentialAction":[{"@type":"SearchAction","target":{"@type":"EntryPoint","urlTemplate":"https:\/\/bermontpackaging.com\/?s={search_term_string}"},"query-input":{"@type":"PropertyValueSpecification","valueRequired":true,"valueName":"search_term_string"}}],"inLanguage":"en-US"},{"@type":"Organization","@id":"https:\/\/bermontpackaging.com\/#organization","name":"Bermont Packaging","url":"https:\/\/bermontpackaging.com\/","logo":{"@type":"ImageObject","inLanguage":"en-US","@id":"https:\/\/bermontpackaging.com\/#\/schema\/logo\/image\/","url":"https:\/\/bermontpackaging.com\/wp-content\/uploads\/2023\/07\/LOGO-BERMONT-PACKAGING-1.png","contentUrl":"https:\/\/bermontpackaging.com\/wp-content\/uploads\/2023\/07\/LOGO-BERMONT-PACKAGING-1.png","width":842,"height":595,"caption":"Bermont Packaging"},"image":{"@id":"https:\/\/bermontpackaging.com\/#\/schema\/logo\/image\/"},"sameAs":["https:\/\/www.linkedin.com\/company\/nersis-solutions\/","https:\/\/youtube.com\/channel\/UCSAWW3sRo63VcFGWSRV2u7Q"]}]}},"_links":{"self":[{"href":"https:\/\/bermontpackaging.com\/en\/wp-json\/wp\/v2\/pages\/1981","targetHints":{"allow":["GET"]}}],"collection":[{"href":"https:\/\/bermontpackaging.com\/en\/wp-json\/wp\/v2\/pages"}],"about":[{"href":"https:\/\/bermontpackaging.com\/en\/wp-json\/wp\/v2\/types\/page"}],"author":[{"embeddable":true,"href":"https:\/\/bermontpackaging.com\/en\/wp-json\/wp\/v2\/users\/4"}],"replies":[{"embeddable":true,"href":"https:\/\/bermontpackaging.com\/en\/wp-json\/wp\/v2\/comments?post=1981"}],"version-history":[{"count":13,"href":"https:\/\/bermontpackaging.com\/en\/wp-json\/wp\/v2\/pages\/1981\/revisions"}],"predecessor-version":[{"id":3300,"href":"https:\/\/bermontpackaging.com\/en\/wp-json\/wp\/v2\/pages\/1981\/revisions\/3300"}],"wp:attachment":[{"href":"https:\/\/bermontpackaging.com\/en\/wp-json\/wp\/v2\/media?parent=1981"}],"curies":[{"name":"wp","href":"https:\/\/api.w.org\/{rel}","templated":true}]}}