{"id":1979,"date":"2023-07-05T03:19:09","date_gmt":"2023-07-05T01:19:09","guid":{"rendered":"https:\/\/dev.bermont.es\/bp\/?page_id=1979"},"modified":"2024-06-24T10:11:26","modified_gmt":"2024-06-24T08:11:26","slug":"gran-consumo","status":"publish","type":"page","link":"https:\/\/bermontpackaging.com\/en\/gran-consumo\/","title":{"rendered":"Gran Consumo"},"content":{"rendered":"<div class=\"wpb-content-wrapper\"><div class=\"vc_row wpb_row vc_row-fluid vc_custom_1690288933313 wpex-vc-full-width-row wpex-vc-full-width-row--centered wpex-relative wpex-vc_row-has-fill no-bottom-margins wpex-vc-reset-negative-margin wpex-has-overlay wpex-has-overlay--69d838ff2f9bc\"><div class=\"wpex-bg-overlay-wrap wpex-absolute wpex-inset-0 wpex-rounded-inherit\"><style class=\"wpex-bg-overlay-css\">.wpex-has-overlay--69d838ff2f9bc > .wpex-bg-overlay-wrap .wpex-bg-overlay{background-color:#ffffff;opacity:0.6;}<\/style><span class=\"wpex-bg-overlay color wpex-absolute wpex-inset-0 wpex-rounded-inherit wpex-duration-500 wpex-opacity-60 wpex-bg-black\"><\/span><\/div><div class=\"wpb_column vc_column_container vc_col-sm-6\"><div class=\"vc_column-inner vc_custom_1690295344563\"><div class=\"wpb_wrapper\">\n\t<div class=\"wpb_text_column wpb_content_element\" >\n\t\t<div class=\"wpb_wrapper\">\n\t\t\t<h1 style=\"text-align: center;\">Mass consumption<\/h1>\n\n\t\t<\/div>\n\t<\/div>\n<div class=\"vcex-spacing wpex-w-100 wpex-clear\" style=\"height:20px;\"><\/div>\n\t<div style=\"font-size:16px;\" class=\"wpb_text_column wpb_content_element\" >\n\t\t<div class=\"wpb_wrapper\">\n\t\t\t<p style=\"text-align: center;\">Our wide range of tailor-made packaging products and services is geared towards meeting customer needs. We work for whatever your sector, fully adapting to your specific needs and requirements.<\/p>\n<p style=\"text-align: center;\">We are aware of the importance of Packaging for the positioning of brands, which create the first contact with the customer through the image projected by the Packaging of the product. In addition to offering product protection and information, packaging adds value through differentiation, sustainability and functionality.<\/p>\n<p style=\"text-align: center;\">We always work to offer our customers a quality print with a perfect finish, using materials that can be recycled after use and that comply with current regulatory and legislative requirements.<\/p>\n\n\t\t<\/div>\n\t<\/div>\n<\/div><\/div><\/div><div class=\"wpb_column vc_column_container vc_col-sm-6\"><div class=\"vc_column-inner\"><div class=\"wpb_wrapper\"><figure class=\"vcex-image vcex-module\"><div class=\"vcex-image-inner wpex-relative wpex-inline-block\"><img width=\"574\" height=\"548\" src=\"https:\/\/bermontpackaging.com\/wp-content\/uploads\/2023\/07\/Estuche-muestra-e1690295465915.jpg\" class=\"vcex-image-img wpex-align-middle\" alt=\"\" loading=\"lazy\" decoding=\"async\" srcset=\"https:\/\/bermontpackaging.com\/wp-content\/uploads\/2023\/07\/Estuche-muestra-e1690295465915.jpg 574w, https:\/\/bermontpackaging.com\/wp-content\/uploads\/2023\/07\/Estuche-muestra-e1690295465915-300x286.jpg 300w\" sizes=\"auto, (max-width: 574px) 100vw, 574px\" \/><\/div><\/figure><\/div><\/div><\/div><\/div><div class=\"vc_row wpb_row vc_row-fluid vc_custom_1690205696863 wpex-relative no-bottom-margins\" style=\"z-index:999!important;\"><div class=\"wpb_column vc_column_container vc_col-sm-2\"><div class=\"vc_column-inner\"><div class=\"wpb_wrapper\"><\/div><\/div><\/div><div class=\"wpb_column vc_column_container vc_col-sm-8\"><div class=\"vc_column-inner\"><div class=\"wpb_wrapper\"><div class=\"theme-button-wrap textcenter wpex-clr\"><a href=\"https:\/\/bermontpackaging.com\/en\/mercados\/\" class=\"vcex-button theme-button align-center inline\"><span class=\"vcex-button-inner theme-button-inner wpex-flex wpex-flex-wrap wpex-items-center wpex-justify-center\">Back to Markets<\/span><\/a><\/div> <\/div><\/div><\/div><div class=\"wpb_column vc_column_container vc_col-sm-2\"><div class=\"vc_column-inner\"><div class=\"wpb_wrapper\"><\/div><\/div><\/div><\/div>\n<\/div>","protected":false},"excerpt":{"rendered":"Gran consumo Nuestra amplia gama de servicios y productos de embalaje a medida est\u00e1 orientada a satisfacer las necesidades del cliente. Trabajamos para cualquiera que sea su sector, adapt\u00e1ndonos plenamente a sus necesidades y requisitos espec\u00edficos. Somos conscientes de la importancia del Packaging para el posicionamiento de las marcas, que crean el primer contacto con&hellip;","protected":false},"author":4,"featured_media":0,"parent":0,"menu_order":0,"comment_status":"closed","ping_status":"closed","template":"","meta":{"footnotes":""},"class_list":["post-1979","page","type-page","status-publish","hentry","entry","no-media"],"yoast_head":"<!-- This site is optimized with the Yoast SEO Premium plugin v20.8 (Yoast SEO v27.3) - https:\/\/yoast.com\/product\/yoast-seo-premium-wordpress\/ -->\n<title>Gran Consumo - Bermont Packaging<\/title>\n<meta name=\"description\" content=\"Nuestra amplia gama de servicios y productos de embalaje a medida est\u00e1 orientada a satisfacer las necesidades del cliente.\" \/>\n<meta name=\"robots\" content=\"index, follow, max-snippet:-1, max-image-preview:large, max-video-preview:-1\" \/>\n<link rel=\"canonical\" href=\"https:\/\/bermontpackaging.com\/en\/gran-consumo\/\" \/>\n<meta property=\"og:locale\" content=\"en_US\" \/>\n<meta property=\"og:type\" content=\"article\" \/>\n<meta property=\"og:title\" content=\"Gran Consumo\" \/>\n<meta property=\"og:description\" content=\"Nuestra amplia gama de servicios y productos de embalaje a medida est\u00e1 orientada a satisfacer las necesidades del cliente.\" \/>\n<meta property=\"og:url\" content=\"https:\/\/bermontpackaging.com\/en\/gran-consumo\/\" \/>\n<meta property=\"og:site_name\" content=\"Bermont Packaging\" \/>\n<meta property=\"article:modified_time\" content=\"2024-06-24T08:11:26+00:00\" \/>\n<meta property=\"og:image\" content=\"https:\/\/bermontpackaging.com\/wp-content\/uploads\/2023\/07\/LOGO-BERMONT-PACKAGING-1.png\" \/>\n\t<meta property=\"og:image:width\" content=\"842\" \/>\n\t<meta property=\"og:image:height\" content=\"595\" \/>\n\t<meta property=\"og:image:type\" content=\"image\/png\" \/>\n<meta name=\"twitter:card\" content=\"summary_large_image\" \/>\n<meta name=\"twitter:label1\" content=\"Est. reading time\" \/>\n\t<meta name=\"twitter:data1\" content=\"1 minute\" \/>\n<script type=\"application\/ld+json\" class=\"yoast-schema-graph\">{\"@context\":\"https:\\\/\\\/schema.org\",\"@graph\":[{\"@type\":\"WebPage\",\"@id\":\"https:\\\/\\\/bermontpackaging.com\\\/gran-consumo\\\/\",\"url\":\"https:\\\/\\\/bermontpackaging.com\\\/gran-consumo\\\/\",\"name\":\"Gran Consumo - Bermont Packaging\",\"isPartOf\":{\"@id\":\"https:\\\/\\\/bermontpackaging.com\\\/#website\"},\"datePublished\":\"2023-07-05T01:19:09+00:00\",\"dateModified\":\"2024-06-24T08:11:26+00:00\",\"description\":\"Nuestra amplia gama de servicios y productos de embalaje a medida est\u00e1 orientada a satisfacer las necesidades del cliente.\",\"breadcrumb\":{\"@id\":\"https:\\\/\\\/bermontpackaging.com\\\/gran-consumo\\\/#breadcrumb\"},\"inLanguage\":\"en-US\",\"potentialAction\":[{\"@type\":\"ReadAction\",\"target\":[\"https:\\\/\\\/bermontpackaging.com\\\/gran-consumo\\\/\"]}]},{\"@type\":\"BreadcrumbList\",\"@id\":\"https:\\\/\\\/bermontpackaging.com\\\/gran-consumo\\\/#breadcrumb\",\"itemListElement\":[{\"@type\":\"ListItem\",\"position\":1,\"name\":\"Portada\",\"item\":\"https:\\\/\\\/bermontpackaging.com\\\/\"},{\"@type\":\"ListItem\",\"position\":2,\"name\":\"Gran Consumo\"}]},{\"@type\":\"WebSite\",\"@id\":\"https:\\\/\\\/bermontpackaging.com\\\/#website\",\"url\":\"https:\\\/\\\/bermontpackaging.com\\\/\",\"name\":\"Bermont Packaging\",\"description\":\"\",\"publisher\":{\"@id\":\"https:\\\/\\\/bermontpackaging.com\\\/#organization\"},\"potentialAction\":[{\"@type\":\"SearchAction\",\"target\":{\"@type\":\"EntryPoint\",\"urlTemplate\":\"https:\\\/\\\/bermontpackaging.com\\\/?s={search_term_string}\"},\"query-input\":{\"@type\":\"PropertyValueSpecification\",\"valueRequired\":true,\"valueName\":\"search_term_string\"}}],\"inLanguage\":\"en-US\"},{\"@type\":\"Organization\",\"@id\":\"https:\\\/\\\/bermontpackaging.com\\\/#organization\",\"name\":\"Bermont Packaging\",\"url\":\"https:\\\/\\\/bermontpackaging.com\\\/\",\"logo\":{\"@type\":\"ImageObject\",\"inLanguage\":\"en-US\",\"@id\":\"https:\\\/\\\/bermontpackaging.com\\\/#\\\/schema\\\/logo\\\/image\\\/\",\"url\":\"https:\\\/\\\/bermontpackaging.com\\\/wp-content\\\/uploads\\\/2023\\\/07\\\/LOGO-BERMONT-PACKAGING-1.png\",\"contentUrl\":\"https:\\\/\\\/bermontpackaging.com\\\/wp-content\\\/uploads\\\/2023\\\/07\\\/LOGO-BERMONT-PACKAGING-1.png\",\"width\":842,\"height\":595,\"caption\":\"Bermont Packaging\"},\"image\":{\"@id\":\"https:\\\/\\\/bermontpackaging.com\\\/#\\\/schema\\\/logo\\\/image\\\/\"},\"sameAs\":[\"https:\\\/\\\/www.linkedin.com\\\/company\\\/nersis-solutions\\\/\",\"https:\\\/\\\/youtube.com\\\/channel\\\/UCSAWW3sRo63VcFGWSRV2u7Q\"]}]}<\/script>\n<!-- \/ Yoast SEO Premium plugin. -->","yoast_head_json":{"title":"Gran Consumo - Bermont Packaging","description":"Nuestra amplia gama de servicios y productos de embalaje a medida est\u00e1 orientada a satisfacer las necesidades del cliente.","robots":{"index":"index","follow":"follow","max-snippet":"max-snippet:-1","max-image-preview":"max-image-preview:large","max-video-preview":"max-video-preview:-1"},"canonical":"https:\/\/bermontpackaging.com\/en\/gran-consumo\/","og_locale":"en_US","og_type":"article","og_title":"Gran Consumo","og_description":"Nuestra amplia gama de servicios y productos de embalaje a medida est\u00e1 orientada a satisfacer las necesidades del cliente.","og_url":"https:\/\/bermontpackaging.com\/en\/gran-consumo\/","og_site_name":"Bermont Packaging","article_modified_time":"2024-06-24T08:11:26+00:00","og_image":[{"width":842,"height":595,"url":"https:\/\/bermontpackaging.com\/wp-content\/uploads\/2023\/07\/LOGO-BERMONT-PACKAGING-1.png","type":"image\/png"}],"twitter_card":"summary_large_image","twitter_misc":{"Est. reading time":"1 minute"},"schema":{"@context":"https:\/\/schema.org","@graph":[{"@type":"WebPage","@id":"https:\/\/bermontpackaging.com\/gran-consumo\/","url":"https:\/\/bermontpackaging.com\/gran-consumo\/","name":"Gran Consumo - Bermont Packaging","isPartOf":{"@id":"https:\/\/bermontpackaging.com\/#website"},"datePublished":"2023-07-05T01:19:09+00:00","dateModified":"2024-06-24T08:11:26+00:00","description":"Nuestra amplia gama de servicios y productos de embalaje a medida est\u00e1 orientada a satisfacer las necesidades del cliente.","breadcrumb":{"@id":"https:\/\/bermontpackaging.com\/gran-consumo\/#breadcrumb"},"inLanguage":"en-US","potentialAction":[{"@type":"ReadAction","target":["https:\/\/bermontpackaging.com\/gran-consumo\/"]}]},{"@type":"BreadcrumbList","@id":"https:\/\/bermontpackaging.com\/gran-consumo\/#breadcrumb","itemListElement":[{"@type":"ListItem","position":1,"name":"Portada","item":"https:\/\/bermontpackaging.com\/"},{"@type":"ListItem","position":2,"name":"Gran Consumo"}]},{"@type":"WebSite","@id":"https:\/\/bermontpackaging.com\/#website","url":"https:\/\/bermontpackaging.com\/","name":"Bermont Packaging","description":"","publisher":{"@id":"https:\/\/bermontpackaging.com\/#organization"},"potentialAction":[{"@type":"SearchAction","target":{"@type":"EntryPoint","urlTemplate":"https:\/\/bermontpackaging.com\/?s={search_term_string}"},"query-input":{"@type":"PropertyValueSpecification","valueRequired":true,"valueName":"search_term_string"}}],"inLanguage":"en-US"},{"@type":"Organization","@id":"https:\/\/bermontpackaging.com\/#organization","name":"Bermont Packaging","url":"https:\/\/bermontpackaging.com\/","logo":{"@type":"ImageObject","inLanguage":"en-US","@id":"https:\/\/bermontpackaging.com\/#\/schema\/logo\/image\/","url":"https:\/\/bermontpackaging.com\/wp-content\/uploads\/2023\/07\/LOGO-BERMONT-PACKAGING-1.png","contentUrl":"https:\/\/bermontpackaging.com\/wp-content\/uploads\/2023\/07\/LOGO-BERMONT-PACKAGING-1.png","width":842,"height":595,"caption":"Bermont Packaging"},"image":{"@id":"https:\/\/bermontpackaging.com\/#\/schema\/logo\/image\/"},"sameAs":["https:\/\/www.linkedin.com\/company\/nersis-solutions\/","https:\/\/youtube.com\/channel\/UCSAWW3sRo63VcFGWSRV2u7Q"]}]}},"_links":{"self":[{"href":"https:\/\/bermontpackaging.com\/en\/wp-json\/wp\/v2\/pages\/1979","targetHints":{"allow":["GET"]}}],"collection":[{"href":"https:\/\/bermontpackaging.com\/en\/wp-json\/wp\/v2\/pages"}],"about":[{"href":"https:\/\/bermontpackaging.com\/en\/wp-json\/wp\/v2\/types\/page"}],"author":[{"embeddable":true,"href":"https:\/\/bermontpackaging.com\/en\/wp-json\/wp\/v2\/users\/4"}],"replies":[{"embeddable":true,"href":"https:\/\/bermontpackaging.com\/en\/wp-json\/wp\/v2\/comments?post=1979"}],"version-history":[{"count":20,"href":"https:\/\/bermontpackaging.com\/en\/wp-json\/wp\/v2\/pages\/1979\/revisions"}],"predecessor-version":[{"id":3302,"href":"https:\/\/bermontpackaging.com\/en\/wp-json\/wp\/v2\/pages\/1979\/revisions\/3302"}],"wp:attachment":[{"href":"https:\/\/bermontpackaging.com\/en\/wp-json\/wp\/v2\/media?parent=1979"}],"curies":[{"name":"wp","href":"https:\/\/api.w.org\/{rel}","templated":true}]}}