{"id":1978,"date":"2023-07-05T03:21:52","date_gmt":"2023-07-05T01:21:52","guid":{"rendered":"https:\/\/dev.bermont.es\/bp\/?page_id=1978"},"modified":"2024-06-24T10:04:53","modified_gmt":"2024-06-24T08:04:53","slug":"farmacia","status":"publish","type":"page","link":"https:\/\/bermontpackaging.com\/en\/farmacia\/","title":{"rendered":"Pharmacy"},"content":{"rendered":"<div class=\"wpb-content-wrapper\"><div class=\"vc_row wpb_row vc_row-fluid vc_custom_1690295954259 wpex-vc-full-width-row wpex-vc-full-width-row--centered wpex-relative wpex-vc_row-has-fill no-bottom-margins wpex-vc-reset-negative-margin wpex-has-overlay wpex-has-overlay--69e1db51043a6\"><div class=\"wpex-bg-overlay-wrap wpex-absolute wpex-inset-0 wpex-rounded-inherit\"><style class=\"wpex-bg-overlay-css\">.wpex-has-overlay--69e1db51043a6 > .wpex-bg-overlay-wrap .wpex-bg-overlay{background-color:#ffffff;opacity:0.6;}<\/style><span class=\"wpex-bg-overlay color wpex-absolute wpex-inset-0 wpex-rounded-inherit wpex-duration-500 wpex-opacity-60 wpex-bg-black\"><\/span><\/div><div class=\"wpb_column vc_column_container vc_col-sm-6\"><div class=\"vc_column-inner\"><div class=\"wpb_wrapper\">\n\t<div class=\"wpb_text_column wpb_content_element\" >\n\t\t<div class=\"wpb_wrapper\">\n\t\t\t<h1 style=\"text-align: center;\">Pharmacy<\/h1>\n\n\t\t<\/div>\n\t<\/div>\n<div class=\"vcex-spacing wpex-w-100 wpex-clear\" style=\"height:20px;\"><\/div>\n\t<div style=\"font-size:16px;\" class=\"wpb_text_column wpb_content_element\" >\n\t\t<div class=\"wpb_wrapper\">\n\t\t\t<p style=\"text-align: center;\">We develop tailor-made packaging solutions<strong>. <\/strong>Our extensive experience in the pharmaceutical market allows us to understand and serve all your needs. Listening to our customers and their requirements in the market has allowed us to acquire industry-specific knowledge as well as a great reputation.<\/p>\n<p style=\"text-align: center;\">We are aware of the importance of Packaging in the sector; It is the first image of the laboratory and the drug and in that image the values of the brand are transmitted, in addition to containing and protecting the medicine that is housed inside. It is also a tool for communication with the patient and a means of differentiation with the rest of the laboratories.<\/p>\n<p style=\"text-align: center;\">Our teams, properly trained, will be happy to advise you.<\/p>\n\n\t\t<\/div>\n\t<\/div>\n<\/div><\/div><\/div><div class=\"wpb_column vc_column_container vc_col-sm-6\"><div class=\"vc_column-inner vc_custom_1690295812913\"><div class=\"wpb_wrapper\"><figure class=\"vcex-image vcex-module\"><div class=\"vcex-image-inner wpex-relative wpex-inline-block\"><img width=\"2560\" height=\"1920\" src=\"https:\/\/bermontpackaging.com\/wp-content\/uploads\/2023\/07\/CAJA-PASTILLAS-CON-LOGO-scaled.jpg\" class=\"vcex-image-img wpex-align-middle\" alt=\"\" loading=\"lazy\" decoding=\"async\" srcset=\"https:\/\/bermontpackaging.com\/wp-content\/uploads\/2023\/07\/CAJA-PASTILLAS-CON-LOGO-scaled.jpg 2560w, https:\/\/bermontpackaging.com\/wp-content\/uploads\/2023\/07\/CAJA-PASTILLAS-CON-LOGO-300x225.jpg 300w, https:\/\/bermontpackaging.com\/wp-content\/uploads\/2023\/07\/CAJA-PASTILLAS-CON-LOGO-1024x768.jpg 1024w, https:\/\/bermontpackaging.com\/wp-content\/uploads\/2023\/07\/CAJA-PASTILLAS-CON-LOGO-768x576.jpg 768w, https:\/\/bermontpackaging.com\/wp-content\/uploads\/2023\/07\/CAJA-PASTILLAS-CON-LOGO-1536x1152.jpg 1536w, https:\/\/bermontpackaging.com\/wp-content\/uploads\/2023\/07\/CAJA-PASTILLAS-CON-LOGO-2048x1536.jpg 2048w\" sizes=\"auto, (max-width: 2560px) 100vw, 2560px\" \/><\/div><\/figure><\/div><\/div><\/div><\/div><div class=\"vc_row wpb_row vc_row-fluid vc_custom_1690205849961 wpex-relative no-bottom-margins\" style=\"z-index:999!important;\"><div class=\"wpb_column vc_column_container vc_col-sm-2\"><div class=\"vc_column-inner\"><div class=\"wpb_wrapper\"><\/div><\/div><\/div><div class=\"wpb_column vc_column_container vc_col-sm-8\"><div class=\"vc_column-inner\"><div class=\"wpb_wrapper\"><div class=\"theme-button-wrap textcenter wpex-clr\"><a href=\"https:\/\/bermontpackaging.com\/en\/mercados\/\" class=\"vcex-button theme-button align-center inline\"><span class=\"vcex-button-inner theme-button-inner wpex-flex wpex-flex-wrap wpex-items-center wpex-justify-center\">Back to Markets<\/span><\/a><\/div> <\/div><\/div><\/div><div class=\"wpb_column vc_column_container vc_col-sm-2\"><div class=\"vc_column-inner\"><div class=\"wpb_wrapper\"><\/div><\/div><\/div><\/div>\n<\/div>","protected":false},"excerpt":{"rendered":"Farmacia Desarrollamos soluciones de envasado a medida. Nuestra extensa experiencia en el mercado de productos farmac\u00e9uticos nos permite entender y atender todas sus necesidades. Escuchar a nuestros clientes y sus requisitos en el mercado nos ha permitido adquirir conocimientos espec\u00edficos de la industria, as\u00ed como una gran reputaci\u00f3n. Somos conscientes de la importancia que tiene&hellip;","protected":false},"author":4,"featured_media":0,"parent":0,"menu_order":0,"comment_status":"closed","ping_status":"closed","template":"","meta":{"footnotes":""},"class_list":["post-1978","page","type-page","status-publish","hentry","entry","no-media"],"yoast_head":"<!-- This site is optimized with the Yoast SEO Premium plugin v20.8 (Yoast SEO v27.4) - https:\/\/yoast.com\/product\/yoast-seo-premium-wordpress\/ -->\n<title>Farmacia - Bermont Packaging<\/title>\n<meta name=\"description\" content=\"Nuestra extensa experiencia en el mercado de productos farmac\u00e9uticos nos permite entender y atender todas sus necesidades\" \/>\n<meta name=\"robots\" content=\"index, follow, max-snippet:-1, max-image-preview:large, max-video-preview:-1\" \/>\n<link rel=\"canonical\" href=\"https:\/\/bermontpackaging.com\/en\/farmacia\/\" \/>\n<meta property=\"og:locale\" content=\"en_US\" \/>\n<meta property=\"og:type\" content=\"article\" \/>\n<meta property=\"og:title\" content=\"Farmacia\" \/>\n<meta property=\"og:description\" content=\"Nuestra extensa experiencia en el mercado de productos farmac\u00e9uticos nos permite entender y atender todas sus necesidades\" \/>\n<meta property=\"og:url\" content=\"https:\/\/bermontpackaging.com\/en\/farmacia\/\" \/>\n<meta property=\"og:site_name\" content=\"Bermont Packaging\" \/>\n<meta property=\"article:modified_time\" content=\"2024-06-24T08:04:53+00:00\" \/>\n<meta property=\"og:image\" content=\"https:\/\/bermontpackaging.com\/wp-content\/uploads\/2023\/07\/LOGO-BERMONT-PACKAGING-1.png\" \/>\n\t<meta property=\"og:image:width\" content=\"842\" \/>\n\t<meta property=\"og:image:height\" content=\"595\" \/>\n\t<meta property=\"og:image:type\" content=\"image\/png\" \/>\n<meta name=\"twitter:card\" content=\"summary_large_image\" \/>\n<meta name=\"twitter:label1\" content=\"Est. reading time\" \/>\n\t<meta name=\"twitter:data1\" content=\"1 minute\" \/>\n<script type=\"application\/ld+json\" class=\"yoast-schema-graph\">{\"@context\":\"https:\\\/\\\/schema.org\",\"@graph\":[{\"@type\":\"WebPage\",\"@id\":\"https:\\\/\\\/bermontpackaging.com\\\/farmacia\\\/\",\"url\":\"https:\\\/\\\/bermontpackaging.com\\\/farmacia\\\/\",\"name\":\"Farmacia - Bermont Packaging\",\"isPartOf\":{\"@id\":\"https:\\\/\\\/bermontpackaging.com\\\/#website\"},\"datePublished\":\"2023-07-05T01:21:52+00:00\",\"dateModified\":\"2024-06-24T08:04:53+00:00\",\"description\":\"Nuestra extensa experiencia en el mercado de productos farmac\u00e9uticos nos permite entender y atender todas sus necesidades\",\"breadcrumb\":{\"@id\":\"https:\\\/\\\/bermontpackaging.com\\\/farmacia\\\/#breadcrumb\"},\"inLanguage\":\"en-US\",\"potentialAction\":[{\"@type\":\"ReadAction\",\"target\":[\"https:\\\/\\\/bermontpackaging.com\\\/farmacia\\\/\"]}]},{\"@type\":\"BreadcrumbList\",\"@id\":\"https:\\\/\\\/bermontpackaging.com\\\/farmacia\\\/#breadcrumb\",\"itemListElement\":[{\"@type\":\"ListItem\",\"position\":1,\"name\":\"Portada\",\"item\":\"https:\\\/\\\/bermontpackaging.com\\\/\"},{\"@type\":\"ListItem\",\"position\":2,\"name\":\"Farmacia\"}]},{\"@type\":\"WebSite\",\"@id\":\"https:\\\/\\\/bermontpackaging.com\\\/#website\",\"url\":\"https:\\\/\\\/bermontpackaging.com\\\/\",\"name\":\"Bermont Packaging\",\"description\":\"\",\"publisher\":{\"@id\":\"https:\\\/\\\/bermontpackaging.com\\\/#organization\"},\"potentialAction\":[{\"@type\":\"SearchAction\",\"target\":{\"@type\":\"EntryPoint\",\"urlTemplate\":\"https:\\\/\\\/bermontpackaging.com\\\/?s={search_term_string}\"},\"query-input\":{\"@type\":\"PropertyValueSpecification\",\"valueRequired\":true,\"valueName\":\"search_term_string\"}}],\"inLanguage\":\"en-US\"},{\"@type\":\"Organization\",\"@id\":\"https:\\\/\\\/bermontpackaging.com\\\/#organization\",\"name\":\"Bermont Packaging\",\"url\":\"https:\\\/\\\/bermontpackaging.com\\\/\",\"logo\":{\"@type\":\"ImageObject\",\"inLanguage\":\"en-US\",\"@id\":\"https:\\\/\\\/bermontpackaging.com\\\/#\\\/schema\\\/logo\\\/image\\\/\",\"url\":\"https:\\\/\\\/bermontpackaging.com\\\/wp-content\\\/uploads\\\/2023\\\/07\\\/LOGO-BERMONT-PACKAGING-1.png\",\"contentUrl\":\"https:\\\/\\\/bermontpackaging.com\\\/wp-content\\\/uploads\\\/2023\\\/07\\\/LOGO-BERMONT-PACKAGING-1.png\",\"width\":842,\"height\":595,\"caption\":\"Bermont Packaging\"},\"image\":{\"@id\":\"https:\\\/\\\/bermontpackaging.com\\\/#\\\/schema\\\/logo\\\/image\\\/\"},\"sameAs\":[\"https:\\\/\\\/www.linkedin.com\\\/company\\\/nersis-solutions\\\/\",\"https:\\\/\\\/youtube.com\\\/channel\\\/UCSAWW3sRo63VcFGWSRV2u7Q\"]}]}<\/script>\n<!-- \/ Yoast SEO Premium plugin. -->","yoast_head_json":{"title":"Farmacia - Bermont Packaging","description":"Nuestra extensa experiencia en el mercado de productos farmac\u00e9uticos nos permite entender y atender todas sus necesidades","robots":{"index":"index","follow":"follow","max-snippet":"max-snippet:-1","max-image-preview":"max-image-preview:large","max-video-preview":"max-video-preview:-1"},"canonical":"https:\/\/bermontpackaging.com\/en\/farmacia\/","og_locale":"en_US","og_type":"article","og_title":"Farmacia","og_description":"Nuestra extensa experiencia en el mercado de productos farmac\u00e9uticos nos permite entender y atender todas sus necesidades","og_url":"https:\/\/bermontpackaging.com\/en\/farmacia\/","og_site_name":"Bermont Packaging","article_modified_time":"2024-06-24T08:04:53+00:00","og_image":[{"width":842,"height":595,"url":"https:\/\/bermontpackaging.com\/wp-content\/uploads\/2023\/07\/LOGO-BERMONT-PACKAGING-1.png","type":"image\/png"}],"twitter_card":"summary_large_image","twitter_misc":{"Est. reading time":"1 minute"},"schema":{"@context":"https:\/\/schema.org","@graph":[{"@type":"WebPage","@id":"https:\/\/bermontpackaging.com\/farmacia\/","url":"https:\/\/bermontpackaging.com\/farmacia\/","name":"Farmacia - Bermont Packaging","isPartOf":{"@id":"https:\/\/bermontpackaging.com\/#website"},"datePublished":"2023-07-05T01:21:52+00:00","dateModified":"2024-06-24T08:04:53+00:00","description":"Nuestra extensa experiencia en el mercado de productos farmac\u00e9uticos nos permite entender y atender todas sus necesidades","breadcrumb":{"@id":"https:\/\/bermontpackaging.com\/farmacia\/#breadcrumb"},"inLanguage":"en-US","potentialAction":[{"@type":"ReadAction","target":["https:\/\/bermontpackaging.com\/farmacia\/"]}]},{"@type":"BreadcrumbList","@id":"https:\/\/bermontpackaging.com\/farmacia\/#breadcrumb","itemListElement":[{"@type":"ListItem","position":1,"name":"Portada","item":"https:\/\/bermontpackaging.com\/"},{"@type":"ListItem","position":2,"name":"Farmacia"}]},{"@type":"WebSite","@id":"https:\/\/bermontpackaging.com\/#website","url":"https:\/\/bermontpackaging.com\/","name":"Bermont Packaging","description":"","publisher":{"@id":"https:\/\/bermontpackaging.com\/#organization"},"potentialAction":[{"@type":"SearchAction","target":{"@type":"EntryPoint","urlTemplate":"https:\/\/bermontpackaging.com\/?s={search_term_string}"},"query-input":{"@type":"PropertyValueSpecification","valueRequired":true,"valueName":"search_term_string"}}],"inLanguage":"en-US"},{"@type":"Organization","@id":"https:\/\/bermontpackaging.com\/#organization","name":"Bermont Packaging","url":"https:\/\/bermontpackaging.com\/","logo":{"@type":"ImageObject","inLanguage":"en-US","@id":"https:\/\/bermontpackaging.com\/#\/schema\/logo\/image\/","url":"https:\/\/bermontpackaging.com\/wp-content\/uploads\/2023\/07\/LOGO-BERMONT-PACKAGING-1.png","contentUrl":"https:\/\/bermontpackaging.com\/wp-content\/uploads\/2023\/07\/LOGO-BERMONT-PACKAGING-1.png","width":842,"height":595,"caption":"Bermont Packaging"},"image":{"@id":"https:\/\/bermontpackaging.com\/#\/schema\/logo\/image\/"},"sameAs":["https:\/\/www.linkedin.com\/company\/nersis-solutions\/","https:\/\/youtube.com\/channel\/UCSAWW3sRo63VcFGWSRV2u7Q"]}]}},"_links":{"self":[{"href":"https:\/\/bermontpackaging.com\/en\/wp-json\/wp\/v2\/pages\/1978","targetHints":{"allow":["GET"]}}],"collection":[{"href":"https:\/\/bermontpackaging.com\/en\/wp-json\/wp\/v2\/pages"}],"about":[{"href":"https:\/\/bermontpackaging.com\/en\/wp-json\/wp\/v2\/types\/page"}],"author":[{"embeddable":true,"href":"https:\/\/bermontpackaging.com\/en\/wp-json\/wp\/v2\/users\/4"}],"replies":[{"embeddable":true,"href":"https:\/\/bermontpackaging.com\/en\/wp-json\/wp\/v2\/comments?post=1978"}],"version-history":[{"count":18,"href":"https:\/\/bermontpackaging.com\/en\/wp-json\/wp\/v2\/pages\/1978\/revisions"}],"predecessor-version":[{"id":3299,"href":"https:\/\/bermontpackaging.com\/en\/wp-json\/wp\/v2\/pages\/1978\/revisions\/3299"}],"wp:attachment":[{"href":"https:\/\/bermontpackaging.com\/en\/wp-json\/wp\/v2\/media?parent=1978"}],"curies":[{"name":"wp","href":"https:\/\/api.w.org\/{rel}","templated":true}]}}