{"id":122,"date":"2021-09-02T14:18:03","date_gmt":"2021-09-02T14:18:03","guid":{"rendered":"https:\/\/nersis.es\/?page_id=122"},"modified":"2023-08-30T12:32:25","modified_gmt":"2023-08-30T10:32:25","slug":"gestion-de-cookies","status":"publish","type":"page","link":"https:\/\/bermontpackaging.com\/en\/gestion-de-cookies\/","title":{"rendered":"Cookie policy"},"content":{"rendered":"<div class=\"wpb-content-wrapper\"><div class=\"vc_row wpb_row vc_row-fluid wpex-relative\"><div class=\"wpb_column vc_column_container vc_col-sm-3\"><div class=\"vc_column-inner\"><div class=\"wpb_wrapper\"><\/div><\/div><\/div><div class=\"wpb_column vc_column_container vc_col-sm-6 wpex-vc_col-has-fill\"><div class=\"vc_column-inner vc_custom_1630482307809\"><div class=\"wpb_wrapper\">\n\t<div class=\"wpb_text_column wpb_content_element\" >\n\t\t<div class=\"wpb_wrapper\">\n\t\t\t<h3 style=\"text-align: justify;\">WHAT IS A COOKIE?<\/h3>\n<p style=\"text-align: justify;\">A cookie is a file that is downloaded to your computer\/tablet\/smartphone when you access certain Web pages and\/or applications. Cookies allow, among other things, to store and retrieve information about the browsing habits of a user or their equipment and, depending on the information they contain and the way they use their equipment, they can be used to recognize the user.<\/p>\n<h3 style=\"text-align: justify;\">WHAT TYPES OF COOKIES DO THE BERMONT PACKAGING WEBSITE USE?<\/h3>\n<p style=\"text-align: justify;\"><strong>a) Depending on the entity that manages them:<\/strong><\/p>\n<p style=\"text-align: justify;\">Own cookies: These are those that are sent to the user's terminal equipment from a computer or domain managed by BERMONT PACKAGING and from which the service requested by the user is provided.<\/p>\n<p style=\"text-align: justify;\">Third-party cookies: These are those that are sent to the user's terminal equipment from a computer or domain that is not managed by BERMONT PACKAGING, but by another entity that processes the data obtained through cookies. In the \u201cUse of cookies\u201d section you can see which entities set cookies on this website.<\/p>\n<p style=\"text-align: justify;\"><strong>b) Depending on the period they remain activated:<\/strong><\/p>\n<p style=\"text-align: justify;\">Session cookies: These are a type of cookies designed to collect and store data while the user accesses our website.<\/p>\n<p style=\"text-align: justify;\">Persistent cookies: These are a type of cookie in which the data continues to be stored in the terminal and can be accessed and processed for a period defined by the person responsible for the cookie, which can range from a few minutes to several years.<\/p>\n<p style=\"text-align: justify;\"><strong>c) According to the purpose for which they are processed:<\/strong><\/p>\n<p style=\"text-align: justify;\">Analysis cookies: These are those that, well treated by us or by third parties, allow us to quantify the number of users and thus carry out the measurement and statistical analysis of the use made by users of the service offered. To do this, your navigation on our website is analyzed in order to improve the range of products or services that we offer.<\/p>\n<p style=\"text-align: justify;\">Technical cookies: These are those that, well treated by us or by third parties, allow the user to navigate through our website and use its different options or services, such as plugins to exchange social content, authentication. or user identification or media player sessions.<\/p>\n<p style=\"text-align: justify;\">Personalization cookies: These are those that, well treated by us or by third parties, allow the user to access the service with some predefined general characteristics based on a series of criteria on the user's terminal, such as the pre-established language in which the page is displayed. Web page.<\/p>\n<h3 style=\"text-align: justify;\">DEACTIVATION OR DELETION OF COOKIES<\/h3>\n<p style=\"text-align: justify;\">You can allow, block or delete cookies installed on your computer by configuring the options of the browser installed on your computer\/tablet\/smartphone.<\/p>\n<p style=\"text-align: justify;\">For more information about Internet Explorer click\u00a0<a href=\"https:\/\/support.microsoft.com\/es-es\/help\/17442\/windows-internet-explorer-delete-manage-cookies\" target=\"_blank\" rel=\"noopener\">here<\/a>.<br \/>\nFor more information about Google Chrome click\u00a0<a href=\"https:\/\/support.google.com\/accounts\/answer\/61416?hl=en\" target=\"_blank\" rel=\"noopener\">here<\/a>.<br \/>\nFor more information about Firefox click\u00a0<a href=\"https:\/\/support.mozilla.org\/en-US\/kb\/disable-third-party-cookies\" target=\"_blank\" rel=\"noopener\">here<\/a>.<br \/>\nFor more information about Safari click\u00a0<a href=\"https:\/\/support.apple.com\/kb\/ph5042?locale=es_ES\" target=\"_blank\" rel=\"noopener\">here<\/a>.<br \/>\nFor more information about Opera click\u00a0<a href=\"http:\/\/www.opera.com\/help\/tutorials\/security\/privacy\/\" target=\"_blank\" rel=\"noopener\">here<\/a>.<\/p>\n<h3 style=\"text-align: justify;\">USE OF COOKIES<\/h3>\n<p style=\"text-align: justify;\">On this website we also use third-party cookies to analyze navigation information, allow content to be shared on social networks and the playback of videos hosted on another website. In the following links you can consult the cookie policy of each of these entities:<\/p>\n<p style=\"text-align: left;\">Google Analytics and Youtube, consult the following links:<br \/>\n<a href=\"https:\/\/developers.google.com\/analytics\/devguides\/collection\/analyticsjs\/cookie-usage\">https:\/\/developers.google.com\/analytics\/devguides\/collection\/analyticsjs\/cookie-usage<\/a><br \/>\n<a href=\"https:\/\/www.google.com\/analytics\/learn\/privacy.html\">https:\/\/www.google.com\/analytics\/learn\/privacy.html<\/a><br \/>\n<a href=\"http:\/\/www.google.com\/intl\/en-US\/policies\/technologies\/cookies\/\">http:\/\/www.google.com\/intl\/en-US\/policies\/technologies\/cookies\/<\/a><\/p>\n<p style=\"text-align: justify;\">Twitter:\u00a0<a href=\"https:\/\/twitter.com\/privacy\">https:\/\/twitter.com\/privacy<\/a><\/p>\n<p style=\"text-align: justify;\">Addthis:\u00a0<a href=\"http:\/\/www.addthis.com\/privacy\">http:\/\/www.addthis.com\/privacy<\/a><\/p>\n<h3 style=\"text-align: justify;\">CONSENT<\/h3>\n<p style=\"text-align: justify;\">By browsing our website you accept the installation and use of cookies.<\/p>\n<p style=\"text-align: justify;\">You can withdraw your previously granted consent at any time by deleting the cookies installed on your computer by configuring the browser options, as indicated in the \u201cdeactivation or deletion of cookies\u201d section. However, we inform you that this may impact the functionality of the Website, making your user experience less satisfactory. If you have any questions or comments about the Cookies Policy, please write to:\u00a0<span id=\"cloakc979efd380cf0c259c5c1da1b4dc5d72\"><a href=\"mailto:datospersonales@bermont.es\">datospersonales@bermont.es<\/a><\/span><\/p>\n\n\t\t<\/div>\n\t<\/div>\n<\/div><\/div><\/div><div class=\"wpb_column vc_column_container vc_col-sm-3\"><div class=\"vc_column-inner\"><div class=\"wpb_wrapper\"><\/div><\/div><\/div><\/div>\n<\/div>","protected":false},"excerpt":{"rendered":"\u00bfQU\u00c9 ES UNA COOKIE? Una cookie es un fichero que se descarga en su ordenador\/tablet\/smartphone al acceder a determinadas p\u00e1ginas Web y\/o aplicaciones. Las cookies permiten, entre otras cosas, almacenar y recuperar informaci\u00f3n sobre los h\u00e1bitos de navegaci\u00f3n de un usuario o de su equipo y, dependiendo de la informaci\u00f3n que contengan y de la&hellip;","protected":false},"author":4,"featured_media":0,"parent":0,"menu_order":0,"comment_status":"closed","ping_status":"closed","template":"","meta":{"footnotes":""},"class_list":["post-122","page","type-page","status-publish","hentry","entry","no-media"],"yoast_head":"<!-- This site is optimized with the Yoast SEO Premium plugin v20.8 (Yoast SEO v27.4) - https:\/\/yoast.com\/product\/yoast-seo-premium-wordpress\/ -->\n<title>Pol\u00edtica de Cookies - Bermont Packaging<\/title>\n<meta name=\"robots\" content=\"index, follow, max-snippet:-1, max-image-preview:large, max-video-preview:-1\" \/>\n<link rel=\"canonical\" href=\"https:\/\/bermontpackaging.com\/en\/gestion-de-cookies\/\" \/>\n<meta property=\"og:locale\" content=\"en_US\" \/>\n<meta property=\"og:type\" content=\"article\" \/>\n<meta property=\"og:title\" content=\"Pol\u00edtica de Cookies\" \/>\n<meta property=\"og:url\" content=\"https:\/\/bermontpackaging.com\/en\/gestion-de-cookies\/\" \/>\n<meta property=\"og:site_name\" content=\"Bermont Packaging\" \/>\n<meta property=\"article:modified_time\" content=\"2023-08-30T10:32:25+00:00\" \/>\n<meta property=\"og:image\" content=\"https:\/\/bermontpackaging.com\/wp-content\/uploads\/2023\/07\/LOGO-BERMONT-PACKAGING-1.png\" \/>\n\t<meta property=\"og:image:width\" content=\"842\" \/>\n\t<meta property=\"og:image:height\" content=\"595\" \/>\n\t<meta property=\"og:image:type\" content=\"image\/png\" \/>\n<meta name=\"twitter:card\" content=\"summary_large_image\" \/>\n<meta name=\"twitter:label1\" content=\"Est. reading time\" \/>\n\t<meta name=\"twitter:data1\" content=\"4 minutes\" \/>\n<script type=\"application\/ld+json\" class=\"yoast-schema-graph\">{\"@context\":\"https:\\\/\\\/schema.org\",\"@graph\":[{\"@type\":\"WebPage\",\"@id\":\"https:\\\/\\\/bermontpackaging.com\\\/gestion-de-cookies\\\/\",\"url\":\"https:\\\/\\\/bermontpackaging.com\\\/gestion-de-cookies\\\/\",\"name\":\"Pol\u00edtica de Cookies - Bermont Packaging\",\"isPartOf\":{\"@id\":\"https:\\\/\\\/bermontpackaging.com\\\/#website\"},\"datePublished\":\"2021-09-02T14:18:03+00:00\",\"dateModified\":\"2023-08-30T10:32:25+00:00\",\"breadcrumb\":{\"@id\":\"https:\\\/\\\/bermontpackaging.com\\\/gestion-de-cookies\\\/#breadcrumb\"},\"inLanguage\":\"en-US\",\"potentialAction\":[{\"@type\":\"ReadAction\",\"target\":[\"https:\\\/\\\/bermontpackaging.com\\\/gestion-de-cookies\\\/\"]}]},{\"@type\":\"BreadcrumbList\",\"@id\":\"https:\\\/\\\/bermontpackaging.com\\\/gestion-de-cookies\\\/#breadcrumb\",\"itemListElement\":[{\"@type\":\"ListItem\",\"position\":1,\"name\":\"Portada\",\"item\":\"https:\\\/\\\/bermontpackaging.com\\\/\"},{\"@type\":\"ListItem\",\"position\":2,\"name\":\"Pol\u00edtica de Cookies\"}]},{\"@type\":\"WebSite\",\"@id\":\"https:\\\/\\\/bermontpackaging.com\\\/#website\",\"url\":\"https:\\\/\\\/bermontpackaging.com\\\/\",\"name\":\"Bermont Packaging\",\"description\":\"\",\"publisher\":{\"@id\":\"https:\\\/\\\/bermontpackaging.com\\\/#organization\"},\"potentialAction\":[{\"@type\":\"SearchAction\",\"target\":{\"@type\":\"EntryPoint\",\"urlTemplate\":\"https:\\\/\\\/bermontpackaging.com\\\/?s={search_term_string}\"},\"query-input\":{\"@type\":\"PropertyValueSpecification\",\"valueRequired\":true,\"valueName\":\"search_term_string\"}}],\"inLanguage\":\"en-US\"},{\"@type\":\"Organization\",\"@id\":\"https:\\\/\\\/bermontpackaging.com\\\/#organization\",\"name\":\"Bermont Packaging\",\"url\":\"https:\\\/\\\/bermontpackaging.com\\\/\",\"logo\":{\"@type\":\"ImageObject\",\"inLanguage\":\"en-US\",\"@id\":\"https:\\\/\\\/bermontpackaging.com\\\/#\\\/schema\\\/logo\\\/image\\\/\",\"url\":\"https:\\\/\\\/bermontpackaging.com\\\/wp-content\\\/uploads\\\/2023\\\/07\\\/LOGO-BERMONT-PACKAGING-1.png\",\"contentUrl\":\"https:\\\/\\\/bermontpackaging.com\\\/wp-content\\\/uploads\\\/2023\\\/07\\\/LOGO-BERMONT-PACKAGING-1.png\",\"width\":842,\"height\":595,\"caption\":\"Bermont Packaging\"},\"image\":{\"@id\":\"https:\\\/\\\/bermontpackaging.com\\\/#\\\/schema\\\/logo\\\/image\\\/\"},\"sameAs\":[\"https:\\\/\\\/www.linkedin.com\\\/company\\\/nersis-solutions\\\/\",\"https:\\\/\\\/youtube.com\\\/channel\\\/UCSAWW3sRo63VcFGWSRV2u7Q\"]}]}<\/script>\n<!-- \/ Yoast SEO Premium plugin. -->","yoast_head_json":{"title":"Pol\u00edtica de Cookies - Bermont Packaging","robots":{"index":"index","follow":"follow","max-snippet":"max-snippet:-1","max-image-preview":"max-image-preview:large","max-video-preview":"max-video-preview:-1"},"canonical":"https:\/\/bermontpackaging.com\/en\/gestion-de-cookies\/","og_locale":"en_US","og_type":"article","og_title":"Pol\u00edtica de Cookies","og_url":"https:\/\/bermontpackaging.com\/en\/gestion-de-cookies\/","og_site_name":"Bermont Packaging","article_modified_time":"2023-08-30T10:32:25+00:00","og_image":[{"width":842,"height":595,"url":"https:\/\/bermontpackaging.com\/wp-content\/uploads\/2023\/07\/LOGO-BERMONT-PACKAGING-1.png","type":"image\/png"}],"twitter_card":"summary_large_image","twitter_misc":{"Est. reading time":"4 minutes"},"schema":{"@context":"https:\/\/schema.org","@graph":[{"@type":"WebPage","@id":"https:\/\/bermontpackaging.com\/gestion-de-cookies\/","url":"https:\/\/bermontpackaging.com\/gestion-de-cookies\/","name":"Pol\u00edtica de Cookies - Bermont Packaging","isPartOf":{"@id":"https:\/\/bermontpackaging.com\/#website"},"datePublished":"2021-09-02T14:18:03+00:00","dateModified":"2023-08-30T10:32:25+00:00","breadcrumb":{"@id":"https:\/\/bermontpackaging.com\/gestion-de-cookies\/#breadcrumb"},"inLanguage":"en-US","potentialAction":[{"@type":"ReadAction","target":["https:\/\/bermontpackaging.com\/gestion-de-cookies\/"]}]},{"@type":"BreadcrumbList","@id":"https:\/\/bermontpackaging.com\/gestion-de-cookies\/#breadcrumb","itemListElement":[{"@type":"ListItem","position":1,"name":"Portada","item":"https:\/\/bermontpackaging.com\/"},{"@type":"ListItem","position":2,"name":"Pol\u00edtica de Cookies"}]},{"@type":"WebSite","@id":"https:\/\/bermontpackaging.com\/#website","url":"https:\/\/bermontpackaging.com\/","name":"Bermont Packaging","description":"","publisher":{"@id":"https:\/\/bermontpackaging.com\/#organization"},"potentialAction":[{"@type":"SearchAction","target":{"@type":"EntryPoint","urlTemplate":"https:\/\/bermontpackaging.com\/?s={search_term_string}"},"query-input":{"@type":"PropertyValueSpecification","valueRequired":true,"valueName":"search_term_string"}}],"inLanguage":"en-US"},{"@type":"Organization","@id":"https:\/\/bermontpackaging.com\/#organization","name":"Bermont Packaging","url":"https:\/\/bermontpackaging.com\/","logo":{"@type":"ImageObject","inLanguage":"en-US","@id":"https:\/\/bermontpackaging.com\/#\/schema\/logo\/image\/","url":"https:\/\/bermontpackaging.com\/wp-content\/uploads\/2023\/07\/LOGO-BERMONT-PACKAGING-1.png","contentUrl":"https:\/\/bermontpackaging.com\/wp-content\/uploads\/2023\/07\/LOGO-BERMONT-PACKAGING-1.png","width":842,"height":595,"caption":"Bermont Packaging"},"image":{"@id":"https:\/\/bermontpackaging.com\/#\/schema\/logo\/image\/"},"sameAs":["https:\/\/www.linkedin.com\/company\/nersis-solutions\/","https:\/\/youtube.com\/channel\/UCSAWW3sRo63VcFGWSRV2u7Q"]}]}},"_links":{"self":[{"href":"https:\/\/bermontpackaging.com\/en\/wp-json\/wp\/v2\/pages\/122","targetHints":{"allow":["GET"]}}],"collection":[{"href":"https:\/\/bermontpackaging.com\/en\/wp-json\/wp\/v2\/pages"}],"about":[{"href":"https:\/\/bermontpackaging.com\/en\/wp-json\/wp\/v2\/types\/page"}],"author":[{"embeddable":true,"href":"https:\/\/bermontpackaging.com\/en\/wp-json\/wp\/v2\/users\/4"}],"replies":[{"embeddable":true,"href":"https:\/\/bermontpackaging.com\/en\/wp-json\/wp\/v2\/comments?post=122"}],"version-history":[{"count":6,"href":"https:\/\/bermontpackaging.com\/en\/wp-json\/wp\/v2\/pages\/122\/revisions"}],"predecessor-version":[{"id":3032,"href":"https:\/\/bermontpackaging.com\/en\/wp-json\/wp\/v2\/pages\/122\/revisions\/3032"}],"wp:attachment":[{"href":"https:\/\/bermontpackaging.com\/en\/wp-json\/wp\/v2\/media?parent=122"}],"curies":[{"name":"wp","href":"https:\/\/api.w.org\/{rel}","templated":true}]}}