{"id":120,"date":"2021-09-02T14:16:55","date_gmt":"2021-09-02T14:16:55","guid":{"rendered":"https:\/\/nersis.es\/?page_id=120"},"modified":"2023-08-30T10:32:44","modified_gmt":"2023-08-30T08:32:44","slug":"aviso-legal","status":"publish","type":"page","link":"https:\/\/bermontpackaging.com\/en\/aviso-legal\/","title":{"rendered":"Legal warning"},"content":{"rendered":"<div class=\"wpb-content-wrapper\"><div class=\"vc_row wpb_row vc_row-fluid wpex-relative\"><div class=\"wpb_column vc_column_container vc_col-sm-3\"><div class=\"vc_column-inner\"><div class=\"wpb_wrapper\"><\/div><\/div><\/div><div class=\"wpb_column vc_column_container vc_col-sm-6 wpex-vc_col-has-fill\"><div class=\"vc_column-inner vc_custom_1630482307809\"><div class=\"wpb_wrapper\">\n\t<div class=\"wpb_text_column wpb_content_element\" >\n\t\t<div class=\"wpb_wrapper\">\n\t\t\t<h3 style=\"text-align: justify;\"><strong>It is important that before submitting the request you read the following basic information about our Privacy Policy<\/strong><\/h3>\n<h3 style=\"text-align: justify;\"><strong>Legal notice and information on the conditions of use of the website<\/strong><\/h3>\n<table width=\"580\">\n<tbody>\n<tr>\n<td style=\"text-align: justify;\" colspan=\"2\" width=\"584\"><strong>BASIC INFORMATION ABOUT OUR PRIVACY POLICY<\/strong><\/td>\n<\/tr>\n<tr style=\"text-align: justify;\">\n<td width=\"222\"><strong>MANAGER<\/strong><\/td>\n<td width=\"362\">BERMONT PACKAGING S.L.<\/td>\n<\/tr>\n<tr style=\"text-align: justify;\">\n<td width=\"222\"><strong>MAIN PURPOSE<\/strong><\/td>\n<td style=\"text-align: justify;\" width=\"362\">Subscription management\/Application management\/Manage the sending of information and commercial prospecting.<\/td>\n<\/tr>\n<tr style=\"text-align: justify;\">\n<td width=\"222\"><strong>LEGITIMATION<\/strong><\/td>\n<td width=\"362\">Consent of the interested party.<\/td>\n<\/tr>\n<tr style=\"text-align: justify;\">\n<td width=\"222\"><strong>ADDRESSEES<\/strong><\/td>\n<td width=\"362\">No data will be transferred to third parties, unless expressly authorized or legally obliged.<\/td>\n<\/tr>\n<tr style=\"text-align: justify;\">\n<td width=\"222\"><strong>RIGHTS<\/strong><\/td>\n<td width=\"362\">Access, rectify and delete data, data portability, limitation or opposition to its processing, transparency and the right not to be subject to automated decisions.<\/td>\n<\/tr>\n<tr style=\"text-align: justify;\">\n<td width=\"222\"><strong>ADDITIONAL INFORMATION<\/strong><\/td>\n<td width=\"362\">You can consult additional and detailed information about our Privacy Policy at <a href=\"https:\/\/bermontpackaging.com\/en\/politica-privacidad\/\">https:\/\/www.bermont.es\/politica-de-privacidad\/<\/a><\/td>\n<\/tr>\n<tr style=\"text-align: justify;\">\n<td width=\"222\">\n<p><strong>Data Protection Officer<\/strong><\/p>\n<p><strong>(DPO)<\/strong><\/td>\n<td width=\"362\">\n<p>GRUPO ADAPTALIA LEGAL \u2013 FORMATIVO S.L.<\/p>\n<p>C\/ Goya 115, 28009 Madrid<\/p>\n<p>91 553 34 08<\/p>\n<p>Jaime Perea Amor &#8211; legal@grupoadaptalia.com<\/td>\n<\/tr>\n<\/tbody>\n<\/table>\n<h3 style=\"text-align: justify;\"><strong>Legal warning<\/strong><\/h3>\n<table width=\"482\">\n<tbody>\n<tr style=\"text-align: justify;\">\n<td colspan=\"2\" width=\"478\"><strong>WEBSITE OWNER<\/strong><\/td>\n<\/tr>\n<tr style=\"text-align: justify;\">\n<td colspan=\"2\" width=\"478\">SOCIAL DENOMINATION: BERMONT PACKAGING S.L.<\/td>\n<\/tr>\n<tr style=\"text-align: justify;\">\n<td colspan=\"2\" width=\"478\">CIF: B80509029<\/td>\n<\/tr>\n<tr style=\"text-align: justify;\">\n<td colspan=\"2\" width=\"478\">REGISTERED ADDRESS: C\/ LA VENTA N\u00ba2 EDIFICIO 9 NAVE 16-17-18, 28880, MECO, MADRID<\/td>\n<\/tr>\n<tr style=\"text-align: justify;\">\n<td width=\"179\">CONTACT:<\/td>\n<td width=\"297\">Phone: 916707150<\/td>\n<\/tr>\n<tr>\n<td style=\"text-align: justify;\" width=\"179\"><\/td>\n<td style=\"text-align: justify;\" width=\"297\">email: <a href=\"mailto:datospersonales@bermont.es\">datospersonales@bermont.es<\/a><\/td>\n<\/tr>\n<\/tbody>\n<\/table>\n\n\t\t<\/div>\n\t<\/div>\n<\/div><\/div><\/div><div class=\"wpb_column vc_column_container vc_col-sm-3\"><div class=\"vc_column-inner\"><div class=\"wpb_wrapper\"><\/div><\/div><\/div><\/div>\n<\/div>","protected":false},"excerpt":{"rendered":"Es importante que antes de enviar la solicitud lea la siguiente informaci\u00f3n b\u00e1sica sobre nuestra Pol\u00edtica de Privacidad Aviso Legal e informaci\u00f3n sobre las condiciones de uso del sitio web INFORMAC\u00cdON B\u00c1SICA SOBRE NUESTRA POL\u00cdTICA DE PRIVACIDAD RESPONSABLE BERMONT PACKAGING S.L. FINALIDAD PRINCIPAL Gesti\u00f3n de la suscripci\u00f3n\/Gesti\u00f3n de la candidatura\/Gestionar el env\u00edo de informaci\u00f3n y&hellip;","protected":false},"author":4,"featured_media":0,"parent":0,"menu_order":0,"comment_status":"closed","ping_status":"closed","template":"","meta":{"footnotes":""},"class_list":["post-120","page","type-page","status-publish","hentry","entry","no-media"],"yoast_head":"<!-- This site is optimized with the Yoast SEO Premium plugin v20.8 (Yoast SEO v27.3) - https:\/\/yoast.com\/product\/yoast-seo-premium-wordpress\/ -->\n<title>Aviso Legal - Bermont Packaging<\/title>\n<meta name=\"description\" content=\"Aviso Legal de Bermont Packaging\" \/>\n<meta name=\"robots\" content=\"index, follow, max-snippet:-1, max-image-preview:large, max-video-preview:-1\" \/>\n<link rel=\"canonical\" href=\"https:\/\/bermontpackaging.com\/en\/aviso-legal\/\" \/>\n<meta property=\"og:locale\" content=\"en_US\" \/>\n<meta property=\"og:type\" content=\"article\" \/>\n<meta property=\"og:title\" content=\"Aviso Legal\" \/>\n<meta property=\"og:description\" content=\"Aviso Legal de Bermont Packaging\" \/>\n<meta property=\"og:url\" content=\"https:\/\/bermontpackaging.com\/en\/aviso-legal\/\" \/>\n<meta property=\"og:site_name\" content=\"Bermont Packaging\" \/>\n<meta property=\"article:modified_time\" content=\"2023-08-30T08:32:44+00:00\" \/>\n<meta property=\"og:image\" content=\"https:\/\/bermontpackaging.com\/wp-content\/uploads\/2023\/07\/LOGO-BERMONT-PACKAGING-1.png\" \/>\n\t<meta property=\"og:image:width\" content=\"842\" \/>\n\t<meta property=\"og:image:height\" content=\"595\" \/>\n\t<meta property=\"og:image:type\" content=\"image\/png\" \/>\n<meta name=\"twitter:card\" content=\"summary_large_image\" \/>\n<meta name=\"twitter:label1\" content=\"Est. reading time\" \/>\n\t<meta name=\"twitter:data1\" content=\"1 minute\" \/>\n<script type=\"application\/ld+json\" class=\"yoast-schema-graph\">{\"@context\":\"https:\\\/\\\/schema.org\",\"@graph\":[{\"@type\":\"WebPage\",\"@id\":\"https:\\\/\\\/bermontpackaging.com\\\/aviso-legal\\\/\",\"url\":\"https:\\\/\\\/bermontpackaging.com\\\/aviso-legal\\\/\",\"name\":\"Aviso Legal - Bermont Packaging\",\"isPartOf\":{\"@id\":\"https:\\\/\\\/bermontpackaging.com\\\/#website\"},\"datePublished\":\"2021-09-02T14:16:55+00:00\",\"dateModified\":\"2023-08-30T08:32:44+00:00\",\"description\":\"Aviso Legal de Bermont Packaging\",\"breadcrumb\":{\"@id\":\"https:\\\/\\\/bermontpackaging.com\\\/aviso-legal\\\/#breadcrumb\"},\"inLanguage\":\"en-US\",\"potentialAction\":[{\"@type\":\"ReadAction\",\"target\":[\"https:\\\/\\\/bermontpackaging.com\\\/aviso-legal\\\/\"]}]},{\"@type\":\"BreadcrumbList\",\"@id\":\"https:\\\/\\\/bermontpackaging.com\\\/aviso-legal\\\/#breadcrumb\",\"itemListElement\":[{\"@type\":\"ListItem\",\"position\":1,\"name\":\"Portada\",\"item\":\"https:\\\/\\\/bermontpackaging.com\\\/\"},{\"@type\":\"ListItem\",\"position\":2,\"name\":\"Aviso Legal\"}]},{\"@type\":\"WebSite\",\"@id\":\"https:\\\/\\\/bermontpackaging.com\\\/#website\",\"url\":\"https:\\\/\\\/bermontpackaging.com\\\/\",\"name\":\"Bermont Packaging\",\"description\":\"\",\"publisher\":{\"@id\":\"https:\\\/\\\/bermontpackaging.com\\\/#organization\"},\"potentialAction\":[{\"@type\":\"SearchAction\",\"target\":{\"@type\":\"EntryPoint\",\"urlTemplate\":\"https:\\\/\\\/bermontpackaging.com\\\/?s={search_term_string}\"},\"query-input\":{\"@type\":\"PropertyValueSpecification\",\"valueRequired\":true,\"valueName\":\"search_term_string\"}}],\"inLanguage\":\"en-US\"},{\"@type\":\"Organization\",\"@id\":\"https:\\\/\\\/bermontpackaging.com\\\/#organization\",\"name\":\"Bermont Packaging\",\"url\":\"https:\\\/\\\/bermontpackaging.com\\\/\",\"logo\":{\"@type\":\"ImageObject\",\"inLanguage\":\"en-US\",\"@id\":\"https:\\\/\\\/bermontpackaging.com\\\/#\\\/schema\\\/logo\\\/image\\\/\",\"url\":\"https:\\\/\\\/bermontpackaging.com\\\/wp-content\\\/uploads\\\/2023\\\/07\\\/LOGO-BERMONT-PACKAGING-1.png\",\"contentUrl\":\"https:\\\/\\\/bermontpackaging.com\\\/wp-content\\\/uploads\\\/2023\\\/07\\\/LOGO-BERMONT-PACKAGING-1.png\",\"width\":842,\"height\":595,\"caption\":\"Bermont Packaging\"},\"image\":{\"@id\":\"https:\\\/\\\/bermontpackaging.com\\\/#\\\/schema\\\/logo\\\/image\\\/\"},\"sameAs\":[\"https:\\\/\\\/www.linkedin.com\\\/company\\\/nersis-solutions\\\/\",\"https:\\\/\\\/youtube.com\\\/channel\\\/UCSAWW3sRo63VcFGWSRV2u7Q\"]}]}<\/script>\n<!-- \/ Yoast SEO Premium plugin. -->","yoast_head_json":{"title":"Aviso Legal - Bermont Packaging","description":"Aviso Legal de Bermont Packaging","robots":{"index":"index","follow":"follow","max-snippet":"max-snippet:-1","max-image-preview":"max-image-preview:large","max-video-preview":"max-video-preview:-1"},"canonical":"https:\/\/bermontpackaging.com\/en\/aviso-legal\/","og_locale":"en_US","og_type":"article","og_title":"Aviso Legal","og_description":"Aviso Legal de Bermont Packaging","og_url":"https:\/\/bermontpackaging.com\/en\/aviso-legal\/","og_site_name":"Bermont Packaging","article_modified_time":"2023-08-30T08:32:44+00:00","og_image":[{"width":842,"height":595,"url":"https:\/\/bermontpackaging.com\/wp-content\/uploads\/2023\/07\/LOGO-BERMONT-PACKAGING-1.png","type":"image\/png"}],"twitter_card":"summary_large_image","twitter_misc":{"Est. reading time":"1 minute"},"schema":{"@context":"https:\/\/schema.org","@graph":[{"@type":"WebPage","@id":"https:\/\/bermontpackaging.com\/aviso-legal\/","url":"https:\/\/bermontpackaging.com\/aviso-legal\/","name":"Aviso Legal - Bermont Packaging","isPartOf":{"@id":"https:\/\/bermontpackaging.com\/#website"},"datePublished":"2021-09-02T14:16:55+00:00","dateModified":"2023-08-30T08:32:44+00:00","description":"Aviso Legal de Bermont Packaging","breadcrumb":{"@id":"https:\/\/bermontpackaging.com\/aviso-legal\/#breadcrumb"},"inLanguage":"en-US","potentialAction":[{"@type":"ReadAction","target":["https:\/\/bermontpackaging.com\/aviso-legal\/"]}]},{"@type":"BreadcrumbList","@id":"https:\/\/bermontpackaging.com\/aviso-legal\/#breadcrumb","itemListElement":[{"@type":"ListItem","position":1,"name":"Portada","item":"https:\/\/bermontpackaging.com\/"},{"@type":"ListItem","position":2,"name":"Aviso Legal"}]},{"@type":"WebSite","@id":"https:\/\/bermontpackaging.com\/#website","url":"https:\/\/bermontpackaging.com\/","name":"Bermont Packaging","description":"","publisher":{"@id":"https:\/\/bermontpackaging.com\/#organization"},"potentialAction":[{"@type":"SearchAction","target":{"@type":"EntryPoint","urlTemplate":"https:\/\/bermontpackaging.com\/?s={search_term_string}"},"query-input":{"@type":"PropertyValueSpecification","valueRequired":true,"valueName":"search_term_string"}}],"inLanguage":"en-US"},{"@type":"Organization","@id":"https:\/\/bermontpackaging.com\/#organization","name":"Bermont Packaging","url":"https:\/\/bermontpackaging.com\/","logo":{"@type":"ImageObject","inLanguage":"en-US","@id":"https:\/\/bermontpackaging.com\/#\/schema\/logo\/image\/","url":"https:\/\/bermontpackaging.com\/wp-content\/uploads\/2023\/07\/LOGO-BERMONT-PACKAGING-1.png","contentUrl":"https:\/\/bermontpackaging.com\/wp-content\/uploads\/2023\/07\/LOGO-BERMONT-PACKAGING-1.png","width":842,"height":595,"caption":"Bermont Packaging"},"image":{"@id":"https:\/\/bermontpackaging.com\/#\/schema\/logo\/image\/"},"sameAs":["https:\/\/www.linkedin.com\/company\/nersis-solutions\/","https:\/\/youtube.com\/channel\/UCSAWW3sRo63VcFGWSRV2u7Q"]}]}},"_links":{"self":[{"href":"https:\/\/bermontpackaging.com\/en\/wp-json\/wp\/v2\/pages\/120","targetHints":{"allow":["GET"]}}],"collection":[{"href":"https:\/\/bermontpackaging.com\/en\/wp-json\/wp\/v2\/pages"}],"about":[{"href":"https:\/\/bermontpackaging.com\/en\/wp-json\/wp\/v2\/types\/page"}],"author":[{"embeddable":true,"href":"https:\/\/bermontpackaging.com\/en\/wp-json\/wp\/v2\/users\/4"}],"replies":[{"embeddable":true,"href":"https:\/\/bermontpackaging.com\/en\/wp-json\/wp\/v2\/comments?post=120"}],"version-history":[{"count":9,"href":"https:\/\/bermontpackaging.com\/en\/wp-json\/wp\/v2\/pages\/120\/revisions"}],"predecessor-version":[{"id":3029,"href":"https:\/\/bermontpackaging.com\/en\/wp-json\/wp\/v2\/pages\/120\/revisions\/3029"}],"wp:attachment":[{"href":"https:\/\/bermontpackaging.com\/en\/wp-json\/wp\/v2\/media?parent=120"}],"curies":[{"name":"wp","href":"https:\/\/api.w.org\/{rel}","templated":true}]}}